{"id":5266,"date":"2023-01-09T06:17:23","date_gmt":"2023-01-09T06:17:23","guid":{"rendered":"https:\/\/sahem.de\/?page_id=5266"},"modified":"2023-09-01T03:38:21","modified_gmt":"2023-09-01T01:38:21","slug":"habitation","status":"publish","type":"page","link":"https:\/\/sahem.de\/?page_id=5266&lang=de","title":{"rendered":"\u0642\u0637\u0627\u0639 \u0627\u0644\u0625\u064a\u0648\u0627\u0621 gr"},"content":{"rendered":"\t\t<div data-elementor-type=\"wp-page\" data-elementor-id=\"5266\" class=\"elementor elementor-5266\">\n\t\t\t\t\t\t<section class=\"has_ma_el_bg_slider elementor-section elementor-top-section elementor-element elementor-element-1ed23a2c elementor-section-full_width elementor-section-stretched elementor-section-height-default elementor-section-height-default jltma-glass-effect-no\" data-id=\"1ed23a2c\" data-element_type=\"section\" data-settings=\"{&quot;stretch_section&quot;:&quot;section-stretched&quot;,&quot;background_background&quot;:&quot;classic&quot;}\">\n\t\t\t\t\t\t\t<div class=\"elementor-background-overlay\"><\/div>\n\t\t\t\t\t\t\t<div class=\"elementor-container elementor-column-gap-extended\">\n\t\t\t\t\t<div class=\"has_ma_el_bg_slider elementor-column elementor-col-100 elementor-top-column elementor-element elementor-element-710ebb41 sc_inner_width_none sc_layouts_column_icons_position_left jltma-glass-effect-no\" data-id=\"710ebb41\" data-element_type=\"column\">\n\t\t\t<div class=\"elementor-widget-wrap elementor-element-populated\">\n\t\t\t\t\t\t<div class=\"elementor-element elementor-element-55f61ea jltma-glass-effect-no sc_fly_static elementor-widget elementor-widget-heading\" data-id=\"55f61ea\" data-element_type=\"widget\" data-widget_type=\"heading.default\">\n\t\t\t\t<div class=\"elementor-widget-container\">\n\t\t\t\t\t<p class=\"elementor-heading-title elementor-size-default\">Unterkunft und Wohnung<\/p>\t\t\t\t<\/div>\n\t\t\t\t<\/div>\n\t\t\t\t<div class=\"elementor-element elementor-element-7acb30f1 jltma-glass-effect-no sc_fly_static elementor-widget elementor-widget-heading\" data-id=\"7acb30f1\" data-element_type=\"widget\" data-widget_type=\"heading.default\">\n\t\t\t\t<div class=\"elementor-widget-container\">\n\t\t\t\t\t<h1 class=\"elementor-heading-title elementor-size-default\">Beherbergungssektor<\/h1>\t\t\t\t<\/div>\n\t\t\t\t<\/div>\n\t\t\t\t\t<\/div>\n\t\t<\/div>\n\t\t\t\t\t<\/div>\n\t\t<\/section>\n\t\t\t\t<section class=\"has_ma_el_bg_slider elementor-section elementor-top-section elementor-element elementor-element-1f05618 elementor-section-full_width elementor-section-stretched elementor-section-height-default elementor-section-height-default jltma-glass-effect-no\" data-id=\"1f05618\" data-element_type=\"section\" data-settings=\"{&quot;stretch_section&quot;:&quot;section-stretched&quot;,&quot;background_background&quot;:&quot;gradient&quot;}\">\n\t\t\t\t\t\t<div class=\"elementor-container elementor-column-gap-extended\">\n\t\t\t\t\t<div class=\"has_ma_el_bg_slider elementor-column elementor-col-50 elementor-top-column elementor-element elementor-element-cc10834 sc_inner_width_none sc_layouts_column_icons_position_left jltma-glass-effect-no\" data-id=\"cc10834\" data-element_type=\"column\">\n\t\t\t<div class=\"elementor-widget-wrap elementor-element-populated\">\n\t\t\t\t\t\t<div class=\"elementor-element elementor-element-6fa13aa jltma-glass-effect-no sc_fly_static elementor-widget elementor-widget-heading\" data-id=\"6fa13aa\" data-element_type=\"widget\" data-widget_type=\"heading.default\">\n\t\t\t\t<div class=\"elementor-widget-container\">\n\t\t\t\t\t<h2 class=\"elementor-heading-title elementor-size-default\">\u00dcber die Branche<\/h2>\t\t\t\t<\/div>\n\t\t\t\t<\/div>\n\t\t\t\t<div class=\"elementor-element elementor-element-44160d1 jltma-glass-effect-no sc_fly_static elementor-widget elementor-widget-text-editor\" data-id=\"44160d1\" data-element_type=\"widget\" data-widget_type=\"text-editor.default\">\n\t\t\t\t<div class=\"elementor-widget-container\">\n\t\t\t\t\t\t\t\t\tDieser Sektor zielt darauf ab, Unterk\u00fcnfte in Nordsyrien zu unterst\u00fctzen und armen Familien menschenw\u00fcrdigen Wohnraum zu bieten.\t\t\t\t\t\t\t\t<\/div>\n\t\t\t\t<\/div>\n\t\t\t\t\t<\/div>\n\t\t<\/div>\n\t\t\t\t<div class=\"has_ma_el_bg_slider elementor-column elementor-col-50 elementor-top-column elementor-element elementor-element-05d521d sc_inner_width_none sc_layouts_column_icons_position_left jltma-glass-effect-no\" data-id=\"05d521d\" data-element_type=\"column\">\n\t\t\t<div class=\"elementor-widget-wrap elementor-element-populated\">\n\t\t\t\t\t\t<div class=\"elementor-element elementor-element-d8c1cd6 jltma-glass-effect-no sc_fly_static elementor-widget elementor-widget-image\" data-id=\"d8c1cd6\" data-element_type=\"widget\" data-widget_type=\"image.default\">\n\t\t\t\t<div class=\"elementor-widget-container\">\n\t\t\t\t\t\t\t\t\t\t\t\t\t\t\t<img fetchpriority=\"high\" decoding=\"async\" width=\"400\" height=\"400\" src=\"https:\/\/sahem.de\/wp-content\/uploads\/2022\/08\/7yuhg.png\" class=\"attachment-large size-large wp-image-3265\" alt=\"\" srcset=\"https:\/\/sahem.de\/wp-content\/uploads\/2022\/08\/7yuhg.png 400w, https:\/\/sahem.de\/wp-content\/uploads\/2022\/08\/7yuhg-150x150.png 150w, https:\/\/sahem.de\/wp-content\/uploads\/2022\/08\/7yuhg-370x370.png 370w, https:\/\/sahem.de\/wp-content\/uploads\/2022\/08\/7yuhg-300x300.png 300w, https:\/\/sahem.de\/wp-content\/uploads\/2022\/08\/7yuhg-90x90.png 90w\" sizes=\"(max-width: 400px) 100vw, 400px\" \/>\t\t\t\t\t\t\t\t\t\t\t\t\t\t\t<\/div>\n\t\t\t\t<\/div>\n\t\t\t\t\t<\/div>\n\t\t<\/div>\n\t\t\t\t\t<\/div>\n\t\t<\/section>\n\t\t\t\t<section class=\"has_ma_el_bg_slider elementor-section elementor-top-section elementor-element elementor-element-ca83e57 elementor-section-stretched elementor-section-height-min-height elementor-section-items-top elementor-section-full_width elementor-section-height-default jltma-glass-effect-no\" data-id=\"ca83e57\" data-element_type=\"section\" data-settings=\"{&quot;stretch_section&quot;:&quot;section-stretched&quot;,&quot;background_background&quot;:&quot;gradient&quot;}\">\n\t\t\t\t\t\t<div class=\"elementor-container elementor-column-gap-extended\">\n\t\t\t\t\t<div class=\"has_ma_el_bg_slider elementor-column elementor-col-100 elementor-top-column elementor-element elementor-element-a62fcd6 sc_inner_width_none sc_layouts_column_icons_position_left jltma-glass-effect-no\" data-id=\"a62fcd6\" data-element_type=\"column\">\n\t\t\t<div class=\"elementor-widget-wrap elementor-element-populated\">\n\t\t\t\t\t\t<div class=\"elementor-element elementor-element-31ff0e3 jltma-glass-effect-no sc_fly_static elementor-widget elementor-widget-heading\" data-id=\"31ff0e3\" data-element_type=\"widget\" data-widget_type=\"heading.default\">\n\t\t\t\t<div class=\"elementor-widget-container\">\n\t\t\t\t\t<h2 class=\"elementor-heading-title elementor-size-default\">Einzelheiten<\/h2>\t\t\t\t<\/div>\n\t\t\t\t<\/div>\n\t\t\t\t<div class=\"elementor-element elementor-element-c8c8808 jltma-glass-effect-no sc_fly_static elementor-widget elementor-widget-text-editor\" data-id=\"c8c8808\" data-element_type=\"widget\" data-widget_type=\"text-editor.default\">\n\t\t\t\t<div class=\"elementor-widget-container\">\n\t\t\t\t\t\t\t\t\t<p style=\"margin: 0in 0in 0.0001pt; background-image: initial; background-position: initial; background-size: initial; background-repeat: initial; background-attachment: initial; background-origin: initial; background-clip: initial;\"><span lang=\"DE\" style=\"font-size:13.5pt;font-family:&quot;inherit&quot;,serif\">Dieser Sektor zielt darauf\nab, die Unterbringung von Familien, die infolge des anhaltenden Krieges in\nSyrien, der zur Vertreibung von nicht weniger als 40.000 Familien in den Norden\nSyriens gef\u00fchrt hat, zu gew\u00e4hrleisten.<o:p><\/o:p><\/span><\/p>\t\t\t\t\t\t\t\t<\/div>\n\t\t\t\t<\/div>\n\t\t\t\t\t<\/div>\n\t\t<\/div>\n\t\t\t\t\t<\/div>\n\t\t<\/section>\n\t\t\t\t<section class=\"has_ma_el_bg_slider elementor-section elementor-top-section elementor-element elementor-element-a10691c elementor-section-stretched elementor-section-full_width elementor-section-height-default elementor-section-height-default jltma-glass-effect-no\" data-id=\"a10691c\" data-element_type=\"section\" data-settings=\"{&quot;stretch_section&quot;:&quot;section-stretched&quot;,&quot;background_background&quot;:&quot;gradient&quot;}\">\n\t\t\t\t\t\t<div class=\"elementor-container elementor-column-gap-extended\">\n\t\t\t\t\t<div class=\"has_ma_el_bg_slider elementor-column elementor-col-100 elementor-top-column elementor-element elementor-element-2364052 sc_inner_width_none sc_layouts_column_icons_position_left jltma-glass-effect-no\" data-id=\"2364052\" data-element_type=\"column\">\n\t\t\t<div class=\"elementor-widget-wrap elementor-element-populated\">\n\t\t\t\t\t\t<div class=\"elementor-element elementor-element-5dbf0c5 jltma-glass-effect-no sc_fly_static elementor-widget elementor-widget-heading\" data-id=\"5dbf0c5\" data-element_type=\"widget\" data-widget_type=\"heading.default\">\n\t\t\t\t<div class=\"elementor-widget-container\">\n\t\t\t\t\t<h3 class=\"elementor-heading-title elementor-size-default\">Projekte im Shelter-Sektor<\/h3>\t\t\t\t<\/div>\n\t\t\t\t<\/div>\n\t\t\t\t<section class=\"has_ma_el_bg_slider elementor-section elementor-inner-section elementor-element elementor-element-dbd7b2f elementor-section-boxed elementor-section-height-default elementor-section-height-default jltma-glass-effect-no\" data-id=\"dbd7b2f\" data-element_type=\"section\">\n\t\t\t\t\t\t<div class=\"elementor-container elementor-column-gap-custom\">\n\t\t\t\t\t<div class=\"has_ma_el_bg_slider elementor-column elementor-col-33 elementor-inner-column elementor-element elementor-element-7f60397 sc_inner_width_none sc_layouts_column_icons_position_left jltma-glass-effect-no\" data-id=\"7f60397\" data-element_type=\"column\">\n\t\t\t<div class=\"elementor-widget-wrap elementor-element-populated\">\n\t\t\t\t\t\t<div class=\"elementor-element elementor-element-60b111f elementor-position-top jltma-glass-effect-no sc_fly_static elementor-widget elementor-widget-image-box\" data-id=\"60b111f\" data-element_type=\"widget\" data-widget_type=\"image-box.default\">\n\t\t\t\t<div class=\"elementor-widget-container\">\n\t\t\t\t\t<div class=\"elementor-image-box-wrapper\"><figure class=\"elementor-image-box-img\"><img decoding=\"async\" width=\"630\" height=\"400\" src=\"https:\/\/sahem.de\/wp-content\/uploads\/2022\/07\/11.jpg\" class=\"elementor-animation-grow attachment-full size-full wp-image-2785\" alt=\"\" srcset=\"https:\/\/sahem.de\/wp-content\/uploads\/2022\/07\/11.jpg 630w, https:\/\/sahem.de\/wp-content\/uploads\/2022\/07\/11-370x235.jpg 370w, https:\/\/sahem.de\/wp-content\/uploads\/2022\/07\/11-300x190.jpg 300w\" sizes=\"(max-width: 630px) 100vw, 630px\" \/><\/figure><div class=\"elementor-image-box-content\"><p class=\"elementor-image-box-title\">Heimrestaurierung<\/p><p class=\"elementor-image-box-description\">Dieses Projekt zielt darauf ab, den Bau von H\u00e4usern abzuschlie\u00dfen und sie mit sanit\u00e4ren und elektrischen Installationen auszustatten, f\u00fcr die Familien, die dort wohnen und selbst nicht dazu in der Lage sind.\n<br>\n<a href=\"https:\/\/sahem.de\/de\/habitation\/home-restoration\/\" id=\"trx_sc_button_1486141953\" class=\"sc_button color_style_link2 sc_button_default sc_button_size_normal sc_button_icon_left \"><span class=\"sc_button_text\"><span class=\"sc_button_title\">Weiterlesen<\/span><\/span><!-- \/.sc_button_text --><\/a><\/p><\/div><\/div>\t\t\t\t<\/div>\n\t\t\t\t<\/div>\n\t\t\t\t\t<\/div>\n\t\t<\/div>\n\t\t\t\t<div class=\"has_ma_el_bg_slider elementor-column elementor-col-33 elementor-inner-column elementor-element elementor-element-2cc3da0 sc_inner_width_none sc_layouts_column_icons_position_left jltma-glass-effect-no\" data-id=\"2cc3da0\" data-element_type=\"column\">\n\t\t\t<div class=\"elementor-widget-wrap\">\n\t\t\t\t\t\t\t<\/div>\n\t\t<\/div>\n\t\t\t\t<div class=\"has_ma_el_bg_slider elementor-column elementor-col-33 elementor-inner-column elementor-element elementor-element-5dc2866 sc_inner_width_none sc_layouts_column_icons_position_left jltma-glass-effect-no\" data-id=\"5dc2866\" data-element_type=\"column\">\n\t\t\t<div class=\"elementor-widget-wrap\">\n\t\t\t\t\t\t\t<\/div>\n\t\t<\/div>\n\t\t\t\t\t<\/div>\n\t\t<\/section>\n\t\t\t\t\t<\/div>\n\t\t<\/div>\n\t\t\t\t\t<\/div>\n\t\t<\/section>\n\t\t\t\t<\/div>\n\t\t","protected":false},"excerpt":{"rendered":"<p>Unterkunft und Wohnung Beherbergungssektor \u00dcber die Branche Dieser Sektor zielt darauf ab, Unterk\u00fcnfte in Nordsyrien zu unterst\u00fctzen und armen Familien menschenw\u00fcrdigen Wohnraum zu bieten. Einzelheiten Dieser Sektor zielt darauf ab,&hellip;<\/p>\n","protected":false},"author":1,"featured_media":0,"parent":0,"menu_order":0,"comment_status":"closed","ping_status":"closed","template":"","meta":{"give_campaign_id":0,"footnotes":""},"class_list":["post-5266","page","type-page","status-publish","hentry"],"yoast_head":"<!-- This site is optimized with the Yoast SEO plugin v25.2 - https:\/\/yoast.com\/wordpress\/plugins\/seo\/ -->\n<title>\u0642\u0637\u0627\u0639 \u0627\u0644\u0625\u064a\u0648\u0627\u0621 gr - Sahem<\/title>\n<meta name=\"robots\" content=\"index, follow, max-snippet:-1, max-image-preview:large, max-video-preview:-1\" \/>\n<link rel=\"canonical\" href=\"https:\/\/sahem.de\/?page_id=5266&lang=de\" \/>\n<meta property=\"og:locale\" content=\"ar_AR\" \/>\n<meta property=\"og:type\" content=\"article\" \/>\n<meta property=\"og:title\" content=\"\u0642\u0637\u0627\u0639 \u0627\u0644\u0625\u064a\u0648\u0627\u0621 gr - Sahem\" \/>\n<meta property=\"og:description\" content=\"Unterkunft und Wohnung Beherbergungssektor \u00dcber die Branche Dieser Sektor zielt darauf ab, Unterk\u00fcnfte in Nordsyrien zu unterst\u00fctzen und armen Familien menschenw\u00fcrdigen Wohnraum zu bieten. Einzelheiten Dieser Sektor zielt darauf ab,&hellip;\" \/>\n<meta property=\"og:url\" content=\"https:\/\/sahem.de\/?page_id=5266&amp;lang=de\" \/>\n<meta property=\"og:site_name\" content=\"Sahem\" \/>\n<meta property=\"article:modified_time\" content=\"2023-09-01T01:38:21+00:00\" \/>\n<meta property=\"og:image\" content=\"https:\/\/sahem.de\/wp-content\/uploads\/2022\/08\/7yuhg.png\" \/>\n<meta name=\"twitter:card\" content=\"summary_large_image\" \/>\n<meta name=\"twitter:label1\" content=\"Est. reading time\" \/>\n\t<meta name=\"twitter:data1\" content=\"2 minutes\" \/>\n<script type=\"application\/ld+json\" class=\"yoast-schema-graph\">{\"@context\":\"https:\/\/schema.org\",\"@graph\":[{\"@type\":\"WebPage\",\"@id\":\"https:\/\/sahem.de\/?page_id=5266&lang=de\",\"url\":\"https:\/\/sahem.de\/?page_id=5266&lang=de\",\"name\":\"\u0642\u0637\u0627\u0639 \u0627\u0644\u0625\u064a\u0648\u0627\u0621 gr - Sahem\",\"isPartOf\":{\"@id\":\"https:\/\/sahem.de\/#website\"},\"primaryImageOfPage\":{\"@id\":\"https:\/\/sahem.de\/?page_id=5266&lang=de#primaryimage\"},\"image\":{\"@id\":\"https:\/\/sahem.de\/?page_id=5266&lang=de#primaryimage\"},\"thumbnailUrl\":\"https:\/\/sahem.de\/wp-content\/uploads\/2022\/08\/7yuhg.png\",\"datePublished\":\"2023-01-09T06:17:23+00:00\",\"dateModified\":\"2023-09-01T01:38:21+00:00\",\"breadcrumb\":{\"@id\":\"https:\/\/sahem.de\/?page_id=5266&lang=de#breadcrumb\"},\"inLanguage\":\"ar-EG\",\"potentialAction\":[{\"@type\":\"ReadAction\",\"target\":[\"https:\/\/sahem.de\/?page_id=5266&lang=de\"]}]},{\"@type\":\"ImageObject\",\"inLanguage\":\"ar-EG\",\"@id\":\"https:\/\/sahem.de\/?page_id=5266&lang=de#primaryimage\",\"url\":\"https:\/\/sahem.de\/wp-content\/uploads\/2022\/08\/7yuhg.png\",\"contentUrl\":\"https:\/\/sahem.de\/wp-content\/uploads\/2022\/08\/7yuhg.png\",\"width\":400,\"height\":400},{\"@type\":\"BreadcrumbList\",\"@id\":\"https:\/\/sahem.de\/?page_id=5266&lang=de#breadcrumb\",\"itemListElement\":[{\"@type\":\"ListItem\",\"position\":1,\"name\":\"\u0627\u0644\u0631\u0626\u064a\u0633\u064a\u0629\",\"item\":\"https:\/\/sahem.de\/\"},{\"@type\":\"ListItem\",\"position\":2,\"name\":\"\u0642\u0637\u0627\u0639 \u0627\u0644\u0625\u064a\u0648\u0627\u0621 gr\"}]},{\"@type\":\"WebSite\",\"@id\":\"https:\/\/sahem.de\/#website\",\"url\":\"https:\/\/sahem.de\/\",\"name\":\"Sahem\",\"description\":\"\u062f\u0639\u0645 \u0627\u0644\u0645\u0634\u0627\u0631\u064a\u0639 \u0628\u0635\u0641\u0629 \u0648\u0642\u0641\u064a\u0629\",\"potentialAction\":[{\"@type\":\"SearchAction\",\"target\":{\"@type\":\"EntryPoint\",\"urlTemplate\":\"https:\/\/sahem.de\/?s={search_term_string}\"},\"query-input\":{\"@type\":\"PropertyValueSpecification\",\"valueRequired\":true,\"valueName\":\"search_term_string\"}}],\"inLanguage\":\"ar-EG\"}]}<\/script>\n<!-- \/ Yoast SEO plugin. -->","yoast_head_json":{"title":"\u0642\u0637\u0627\u0639 \u0627\u0644\u0625\u064a\u0648\u0627\u0621 gr - Sahem","robots":{"index":"index","follow":"follow","max-snippet":"max-snippet:-1","max-image-preview":"max-image-preview:large","max-video-preview":"max-video-preview:-1"},"canonical":"https:\/\/sahem.de\/?page_id=5266&lang=de","og_locale":"ar_AR","og_type":"article","og_title":"\u0642\u0637\u0627\u0639 \u0627\u0644\u0625\u064a\u0648\u0627\u0621 gr - Sahem","og_description":"Unterkunft und Wohnung Beherbergungssektor \u00dcber die Branche Dieser Sektor zielt darauf ab, Unterk\u00fcnfte in Nordsyrien zu unterst\u00fctzen und armen Familien menschenw\u00fcrdigen Wohnraum zu bieten. Einzelheiten Dieser Sektor zielt darauf ab,&hellip;","og_url":"https:\/\/sahem.de\/?page_id=5266&lang=de","og_site_name":"Sahem","article_modified_time":"2023-09-01T01:38:21+00:00","og_image":[{"url":"https:\/\/sahem.de\/wp-content\/uploads\/2022\/08\/7yuhg.png","type":"","width":"","height":""}],"twitter_card":"summary_large_image","twitter_misc":{"Est. reading time":"2 minutes"},"schema":{"@context":"https:\/\/schema.org","@graph":[{"@type":"WebPage","@id":"https:\/\/sahem.de\/?page_id=5266&lang=de","url":"https:\/\/sahem.de\/?page_id=5266&lang=de","name":"\u0642\u0637\u0627\u0639 \u0627\u0644\u0625\u064a\u0648\u0627\u0621 gr - Sahem","isPartOf":{"@id":"https:\/\/sahem.de\/#website"},"primaryImageOfPage":{"@id":"https:\/\/sahem.de\/?page_id=5266&lang=de#primaryimage"},"image":{"@id":"https:\/\/sahem.de\/?page_id=5266&lang=de#primaryimage"},"thumbnailUrl":"https:\/\/sahem.de\/wp-content\/uploads\/2022\/08\/7yuhg.png","datePublished":"2023-01-09T06:17:23+00:00","dateModified":"2023-09-01T01:38:21+00:00","breadcrumb":{"@id":"https:\/\/sahem.de\/?page_id=5266&lang=de#breadcrumb"},"inLanguage":"ar-EG","potentialAction":[{"@type":"ReadAction","target":["https:\/\/sahem.de\/?page_id=5266&lang=de"]}]},{"@type":"ImageObject","inLanguage":"ar-EG","@id":"https:\/\/sahem.de\/?page_id=5266&lang=de#primaryimage","url":"https:\/\/sahem.de\/wp-content\/uploads\/2022\/08\/7yuhg.png","contentUrl":"https:\/\/sahem.de\/wp-content\/uploads\/2022\/08\/7yuhg.png","width":400,"height":400},{"@type":"BreadcrumbList","@id":"https:\/\/sahem.de\/?page_id=5266&lang=de#breadcrumb","itemListElement":[{"@type":"ListItem","position":1,"name":"\u0627\u0644\u0631\u0626\u064a\u0633\u064a\u0629","item":"https:\/\/sahem.de\/"},{"@type":"ListItem","position":2,"name":"\u0642\u0637\u0627\u0639 \u0627\u0644\u0625\u064a\u0648\u0627\u0621 gr"}]},{"@type":"WebSite","@id":"https:\/\/sahem.de\/#website","url":"https:\/\/sahem.de\/","name":"Sahem","description":"\u062f\u0639\u0645 \u0627\u0644\u0645\u0634\u0627\u0631\u064a\u0639 \u0628\u0635\u0641\u0629 \u0648\u0642\u0641\u064a\u0629","potentialAction":[{"@type":"SearchAction","target":{"@type":"EntryPoint","urlTemplate":"https:\/\/sahem.de\/?s={search_term_string}"},"query-input":{"@type":"PropertyValueSpecification","valueRequired":true,"valueName":"search_term_string"}}],"inLanguage":"ar-EG"}]}},"campaignId":"","lang":"de","translations":{"de":5266,"en":4994,"ar":3548},"pll_sync_post":[],"_links":{"self":[{"href":"https:\/\/sahem.de\/index.php?rest_route=\/wp\/v2\/pages\/5266","targetHints":{"allow":["GET"]}}],"collection":[{"href":"https:\/\/sahem.de\/index.php?rest_route=\/wp\/v2\/pages"}],"about":[{"href":"https:\/\/sahem.de\/index.php?rest_route=\/wp\/v2\/types\/page"}],"author":[{"embeddable":true,"href":"https:\/\/sahem.de\/index.php?rest_route=\/wp\/v2\/users\/1"}],"replies":[{"embeddable":true,"href":"https:\/\/sahem.de\/index.php?rest_route=%2Fwp%2Fv2%2Fcomments&post=5266"}],"version-history":[{"count":16,"href":"https:\/\/sahem.de\/index.php?rest_route=\/wp\/v2\/pages\/5266\/revisions"}],"predecessor-version":[{"id":6131,"href":"https:\/\/sahem.de\/index.php?rest_route=\/wp\/v2\/pages\/5266\/revisions\/6131"}],"wp:attachment":[{"href":"https:\/\/sahem.de\/index.php?rest_route=%2Fwp%2Fv2%2Fmedia&parent=5266"}],"curies":[{"name":"wp","href":"https:\/\/api.w.org\/{rel}","templated":true}]}}