{"id":5261,"date":"2023-01-09T05:54:49","date_gmt":"2023-01-09T05:54:49","guid":{"rendered":"https:\/\/sahem.de\/?page_id=5261"},"modified":"2023-09-01T03:35:59","modified_gmt":"2023-09-01T01:35:59","slug":"endowment-projects","status":"publish","type":"page","link":"https:\/\/sahem.de\/?page_id=5261&lang=de","title":{"rendered":"\u0642\u0637\u0627\u0639 \u0627\u0644\u0645\u0634\u0627\u0631\u064a\u0639 \u0627\u0644\u0648\u0642\u0641\u064a\u0629 gr"},"content":{"rendered":"\t\t<div data-elementor-type=\"wp-page\" data-elementor-id=\"5261\" class=\"elementor elementor-5261\">\n\t\t\t\t\t\t<section class=\"has_ma_el_bg_slider elementor-section elementor-top-section elementor-element elementor-element-281900ed elementor-section-full_width elementor-section-stretched elementor-section-height-default elementor-section-height-default jltma-glass-effect-no\" data-id=\"281900ed\" data-element_type=\"section\" data-settings=\"{&quot;stretch_section&quot;:&quot;section-stretched&quot;,&quot;background_background&quot;:&quot;classic&quot;}\">\n\t\t\t\t\t\t\t<div class=\"elementor-background-overlay\"><\/div>\n\t\t\t\t\t\t\t<div class=\"elementor-container elementor-column-gap-extended\">\n\t\t\t\t\t<div class=\"has_ma_el_bg_slider elementor-column elementor-col-100 elementor-top-column elementor-element elementor-element-2c343eca sc_inner_width_none sc_layouts_column_icons_position_left jltma-glass-effect-no\" data-id=\"2c343eca\" data-element_type=\"column\">\n\t\t\t<div class=\"elementor-widget-wrap elementor-element-populated\">\n\t\t\t\t\t\t<div class=\"elementor-element elementor-element-4c2957e2 jltma-glass-effect-no sc_fly_static elementor-widget elementor-widget-heading\" data-id=\"4c2957e2\" data-element_type=\"widget\" data-widget_type=\"heading.default\">\n\t\t\t\t<div class=\"elementor-widget-container\">\n\t\t\t\t\t<p class=\"elementor-heading-title elementor-size-default\">Stiftungsprojekte<\/p>\t\t\t\t<\/div>\n\t\t\t\t<\/div>\n\t\t\t\t<div class=\"elementor-element elementor-element-3ba2b2b7 jltma-glass-effect-no sc_fly_static elementor-widget elementor-widget-heading\" data-id=\"3ba2b2b7\" data-element_type=\"widget\" data-widget_type=\"heading.default\">\n\t\t\t\t<div class=\"elementor-widget-container\">\n\t\t\t\t\t<h1 class=\"elementor-heading-title elementor-size-default\">Bereich Stiftungsprojekte<\/h1>\t\t\t\t<\/div>\n\t\t\t\t<\/div>\n\t\t\t\t\t<\/div>\n\t\t<\/div>\n\t\t\t\t\t<\/div>\n\t\t<\/section>\n\t\t\t\t<section class=\"has_ma_el_bg_slider elementor-section elementor-top-section elementor-element elementor-element-467fb993 elementor-section-full_width elementor-section-stretched elementor-section-height-default elementor-section-height-default jltma-glass-effect-no\" data-id=\"467fb993\" data-element_type=\"section\" data-settings=\"{&quot;stretch_section&quot;:&quot;section-stretched&quot;,&quot;background_background&quot;:&quot;gradient&quot;}\">\n\t\t\t\t\t\t<div class=\"elementor-container elementor-column-gap-extended\">\n\t\t\t\t\t<div class=\"has_ma_el_bg_slider elementor-column elementor-col-50 elementor-top-column elementor-element elementor-element-74002eab sc_inner_width_none sc_layouts_column_icons_position_left jltma-glass-effect-no\" data-id=\"74002eab\" data-element_type=\"column\">\n\t\t\t<div class=\"elementor-widget-wrap elementor-element-populated\">\n\t\t\t\t\t\t<div class=\"elementor-element elementor-element-cd4214b jltma-glass-effect-no sc_fly_static elementor-widget elementor-widget-heading\" data-id=\"cd4214b\" data-element_type=\"widget\" data-widget_type=\"heading.default\">\n\t\t\t\t<div class=\"elementor-widget-container\">\n\t\t\t\t\t<h2 class=\"elementor-heading-title elementor-size-default\">\u00dcber die Branche<\/h2>\t\t\t\t<\/div>\n\t\t\t\t<\/div>\n\t\t\t\t<div class=\"elementor-element elementor-element-6a13cf42 jltma-glass-effect-no sc_fly_static elementor-widget elementor-widget-text-editor\" data-id=\"6a13cf42\" data-element_type=\"widget\" data-widget_type=\"text-editor.default\">\n\t\t\t\t<div class=\"elementor-widget-container\">\n\t\t\t\t\t\t\t\t\t<p>-Stiftungsprojekte sind gemeinn\u00fctzige Projekte<br \/>-Dieser Sektor zielt darauf ab, Projekte mit einer Stiftung zu unterst\u00fctzen, damit jungen Menschen, die aus ihren Gebieten in Nordsyrien vertrieben wurden, Besch\u00e4ftigungsm\u00f6glichkeiten geboten werden k\u00f6nnen.<\/p>\t\t\t\t\t\t\t\t<\/div>\n\t\t\t\t<\/div>\n\t\t\t\t\t<\/div>\n\t\t<\/div>\n\t\t\t\t<div class=\"has_ma_el_bg_slider elementor-column elementor-col-50 elementor-top-column elementor-element elementor-element-0de849d sc_inner_width_none sc_layouts_column_icons_position_left jltma-glass-effect-no\" data-id=\"0de849d\" data-element_type=\"column\">\n\t\t\t<div class=\"elementor-widget-wrap elementor-element-populated\">\n\t\t\t\t\t\t<div class=\"elementor-element elementor-element-b3ce0b5 jltma-glass-effect-no sc_fly_static elementor-widget elementor-widget-image\" data-id=\"b3ce0b5\" data-element_type=\"widget\" data-widget_type=\"image.default\">\n\t\t\t\t<div class=\"elementor-widget-container\">\n\t\t\t\t\t\t\t\t\t\t\t\t\t\t\t<img fetchpriority=\"high\" decoding=\"async\" width=\"512\" height=\"512\" src=\"https:\/\/sahem.de\/wp-content\/uploads\/2022\/08\/donation2.png\" class=\"attachment-large size-large wp-image-3365\" alt=\"\" srcset=\"https:\/\/sahem.de\/wp-content\/uploads\/2022\/08\/donation2.png 512w, https:\/\/sahem.de\/wp-content\/uploads\/2022\/08\/donation2-150x150.png 150w, https:\/\/sahem.de\/wp-content\/uploads\/2022\/08\/donation2-370x370.png 370w, https:\/\/sahem.de\/wp-content\/uploads\/2022\/08\/donation2-300x300.png 300w, https:\/\/sahem.de\/wp-content\/uploads\/2022\/08\/donation2-90x90.png 90w\" sizes=\"(max-width: 512px) 100vw, 512px\" \/>\t\t\t\t\t\t\t\t\t\t\t\t\t\t\t<\/div>\n\t\t\t\t<\/div>\n\t\t\t\t\t<\/div>\n\t\t<\/div>\n\t\t\t\t\t<\/div>\n\t\t<\/section>\n\t\t\t\t<section class=\"has_ma_el_bg_slider elementor-section elementor-top-section elementor-element elementor-element-d933a9b elementor-section-full_width elementor-section-stretched elementor-section-height-min-height elementor-section-items-top elementor-section-height-default jltma-glass-effect-no\" data-id=\"d933a9b\" data-element_type=\"section\" data-settings=\"{&quot;stretch_section&quot;:&quot;section-stretched&quot;,&quot;background_background&quot;:&quot;gradient&quot;}\">\n\t\t\t\t\t\t<div class=\"elementor-container elementor-column-gap-extended\">\n\t\t\t\t\t<div class=\"has_ma_el_bg_slider elementor-column elementor-col-100 elementor-top-column elementor-element elementor-element-9871d1b sc_inner_width_none sc_layouts_column_icons_position_left jltma-glass-effect-no\" data-id=\"9871d1b\" data-element_type=\"column\">\n\t\t\t<div class=\"elementor-widget-wrap elementor-element-populated\">\n\t\t\t\t\t\t<div class=\"elementor-element elementor-element-aa23c02 jltma-glass-effect-no sc_fly_static elementor-widget elementor-widget-heading\" data-id=\"aa23c02\" data-element_type=\"widget\" data-widget_type=\"heading.default\">\n\t\t\t\t<div class=\"elementor-widget-container\">\n\t\t\t\t\t<h2 class=\"elementor-heading-title elementor-size-default\">Sektorale Ziele<\/h2>\t\t\t\t<\/div>\n\t\t\t\t<\/div>\n\t\t\t\t<div class=\"elementor-element elementor-element-66db2be jltma-glass-effect-no sc_fly_static elementor-widget elementor-widget-text-editor\" data-id=\"66db2be\" data-element_type=\"widget\" data-widget_type=\"text-editor.default\">\n\t\t\t\t<div class=\"elementor-widget-container\">\n\t\t\t\t\t\t\t\t\t<ul>\n<li><big><strong>Erstes<\/strong>: Ein Projekt finden, das Wachstum und Entwicklung erm\u00f6glicht.<\/big><\/li>\n<li><big><strong>Zweitens<\/strong>: Besch\u00e4ftigungsm\u00f6glichkeiten sichern (je st\u00e4rker das Projekt, desto mehr Besch\u00e4ftigungsm\u00f6glichkeiten wird es geben).<\/big><\/li>\n<li><big><strong>Drittens<\/strong>: Bem\u00fchen, durch kontinuierliche Arbeit eine finanzielle Ressource zu erhalten.<\/big><\/li>\n<\/ul>\t\t\t\t\t\t\t\t<\/div>\n\t\t\t\t<\/div>\n\t\t\t\t\t<\/div>\n\t\t<\/div>\n\t\t\t\t\t<\/div>\n\t\t<\/section>\n\t\t\t\t<section class=\"has_ma_el_bg_slider elementor-section elementor-top-section elementor-element elementor-element-500032d elementor-section-full_width elementor-section-stretched elementor-section-height-default elementor-section-height-default jltma-glass-effect-no\" data-id=\"500032d\" data-element_type=\"section\" data-settings=\"{&quot;stretch_section&quot;:&quot;section-stretched&quot;,&quot;background_background&quot;:&quot;gradient&quot;}\">\n\t\t\t\t\t\t<div class=\"elementor-container elementor-column-gap-extended\">\n\t\t\t\t\t<div class=\"has_ma_el_bg_slider elementor-column elementor-col-100 elementor-top-column elementor-element elementor-element-62987df sc_inner_width_none sc_layouts_column_icons_position_left jltma-glass-effect-no\" data-id=\"62987df\" data-element_type=\"column\">\n\t\t\t<div class=\"elementor-widget-wrap elementor-element-populated\">\n\t\t\t\t\t\t<div class=\"elementor-element elementor-element-363faef jltma-glass-effect-no sc_fly_static elementor-widget elementor-widget-heading\" data-id=\"363faef\" data-element_type=\"widget\" data-widget_type=\"heading.default\">\n\t\t\t\t<div class=\"elementor-widget-container\">\n\t\t\t\t\t<h2 class=\"elementor-heading-title elementor-size-default\">Stiftungsprojekte<\/h2>\t\t\t\t<\/div>\n\t\t\t\t<\/div>\n\t\t\t\t<section class=\"has_ma_el_bg_slider elementor-section elementor-inner-section elementor-element elementor-element-939c711 elementor-section-boxed elementor-section-height-default elementor-section-height-default jltma-glass-effect-no\" data-id=\"939c711\" data-element_type=\"section\">\n\t\t\t\t\t\t<div class=\"elementor-container elementor-column-gap-extended\">\n\t\t\t\t\t<div class=\"has_ma_el_bg_slider elementor-column elementor-col-33 elementor-inner-column elementor-element elementor-element-9d7e3a7 sc_inner_width_none sc_layouts_column_icons_position_left jltma-glass-effect-no\" data-id=\"9d7e3a7\" data-element_type=\"column\">\n\t\t\t<div class=\"elementor-widget-wrap elementor-element-populated\">\n\t\t\t\t\t\t<div class=\"elementor-element elementor-element-62eb416 elementor-position-top jltma-glass-effect-no sc_fly_static elementor-widget elementor-widget-image-box\" data-id=\"62eb416\" data-element_type=\"widget\" data-widget_type=\"image-box.default\">\n\t\t\t\t<div class=\"elementor-widget-container\">\n\t\t\t\t\t<div class=\"elementor-image-box-wrapper\"><figure class=\"elementor-image-box-img\"><img decoding=\"async\" width=\"710\" height=\"532\" src=\"https:\/\/sahem.de\/wp-content\/uploads\/2022\/07\/\u0634\u0631\u0648\u0637-\u0627\u0644\u0648\u0642\u0641-\u0644\u0644\u0623\u0628\u0646\u0627\u0621.jpg\" class=\"elementor-animation-grow attachment-full size-full wp-image-2972\" alt=\"\" srcset=\"https:\/\/sahem.de\/wp-content\/uploads\/2022\/07\/\u0634\u0631\u0648\u0637-\u0627\u0644\u0648\u0642\u0641-\u0644\u0644\u0623\u0628\u0646\u0627\u0621.jpg 710w, https:\/\/sahem.de\/wp-content\/uploads\/2022\/07\/\u0634\u0631\u0648\u0637-\u0627\u0644\u0648\u0642\u0641-\u0644\u0644\u0623\u0628\u0646\u0627\u0621-370x277.jpg 370w, https:\/\/sahem.de\/wp-content\/uploads\/2022\/07\/\u0634\u0631\u0648\u0637-\u0627\u0644\u0648\u0642\u0641-\u0644\u0644\u0623\u0628\u0646\u0627\u0621-300x225.jpg 300w\" sizes=\"(max-width: 710px) 100vw, 710px\" \/><\/figure><div class=\"elementor-image-box-content\"><p class=\"elementor-image-box-title\">Gro\u00dfhandelsgesch\u00e4ftsprojekt<\/p><p class=\"elementor-image-box-description\">Ein Gro\u00dfhandelslager ist ein rentables Projekt mit einem t\u00e4glichen oder monatlichen kurzen Zyklus, das haupts\u00e4chlich auf dem Einkauf von Materialien von Hauptquellen (Hersteller _ Importeure) und dem direkten Verkauf an die Verbraucher basiert.\n<br>\n\n<a href=\"https:\/\/sahem.de\/de\/endowment-projects\/wholesale-project\/\" id=\"trx_sc_button_1486141953\" class=\"sc_button color_style_link2 sc_button_default sc_button_size_normal sc_button_icon_left\"><span class=\"sc_button_text\"><span Klasse =\"sc_button_title\">Weiterlesen<\/span><\/span><!-- \/.sc_button_text --><\/a><\/p><\/div><\/div>\t\t\t\t<\/div>\n\t\t\t\t<\/div>\n\t\t\t\t\t<\/div>\n\t\t<\/div>\n\t\t\t\t<div class=\"has_ma_el_bg_slider elementor-column elementor-col-33 elementor-inner-column elementor-element elementor-element-a5c484f sc_inner_width_none sc_layouts_column_icons_position_left jltma-glass-effect-no\" data-id=\"a5c484f\" data-element_type=\"column\">\n\t\t\t<div class=\"elementor-widget-wrap\">\n\t\t\t\t\t\t\t<\/div>\n\t\t<\/div>\n\t\t\t\t<div class=\"has_ma_el_bg_slider elementor-column elementor-col-33 elementor-inner-column elementor-element elementor-element-790684d sc_inner_width_none sc_layouts_column_icons_position_left jltma-glass-effect-no\" data-id=\"790684d\" data-element_type=\"column\">\n\t\t\t<div class=\"elementor-widget-wrap\">\n\t\t\t\t\t\t\t<\/div>\n\t\t<\/div>\n\t\t\t\t\t<\/div>\n\t\t<\/section>\n\t\t\t\t\t<\/div>\n\t\t<\/div>\n\t\t\t\t\t<\/div>\n\t\t<\/section>\n\t\t\t\t<\/div>\n\t\t","protected":false},"excerpt":{"rendered":"<p>Stiftungsprojekte Bereich Stiftungsprojekte \u00dcber die Branche -Stiftungsprojekte sind gemeinn\u00fctzige Projekte-Dieser Sektor zielt darauf ab, Projekte mit einer Stiftung zu unterst\u00fctzen, damit jungen Menschen, die aus ihren Gebieten in Nordsyrien vertrieben&hellip;<\/p>\n","protected":false},"author":1,"featured_media":0,"parent":0,"menu_order":0,"comment_status":"closed","ping_status":"closed","template":"","meta":{"give_campaign_id":0,"footnotes":""},"class_list":["post-5261","page","type-page","status-publish","hentry"],"yoast_head":"<!-- This site is optimized with the Yoast SEO plugin v25.2 - https:\/\/yoast.com\/wordpress\/plugins\/seo\/ -->\n<title>\u0642\u0637\u0627\u0639 \u0627\u0644\u0645\u0634\u0627\u0631\u064a\u0639 \u0627\u0644\u0648\u0642\u0641\u064a\u0629 gr - Sahem<\/title>\n<meta name=\"robots\" content=\"index, follow, max-snippet:-1, max-image-preview:large, max-video-preview:-1\" \/>\n<link rel=\"canonical\" href=\"https:\/\/sahem.de\/?page_id=5261&lang=de\" \/>\n<meta property=\"og:locale\" content=\"ar_AR\" \/>\n<meta property=\"og:type\" content=\"article\" \/>\n<meta property=\"og:title\" content=\"\u0642\u0637\u0627\u0639 \u0627\u0644\u0645\u0634\u0627\u0631\u064a\u0639 \u0627\u0644\u0648\u0642\u0641\u064a\u0629 gr - Sahem\" \/>\n<meta property=\"og:description\" content=\"Stiftungsprojekte Bereich Stiftungsprojekte \u00dcber die Branche -Stiftungsprojekte sind gemeinn\u00fctzige Projekte-Dieser Sektor zielt darauf ab, Projekte mit einer Stiftung zu unterst\u00fctzen, damit jungen Menschen, die aus ihren Gebieten in Nordsyrien vertrieben&hellip;\" \/>\n<meta property=\"og:url\" content=\"https:\/\/sahem.de\/?page_id=5261&amp;lang=de\" \/>\n<meta property=\"og:site_name\" content=\"Sahem\" \/>\n<meta property=\"article:modified_time\" content=\"2023-09-01T01:35:59+00:00\" \/>\n<meta property=\"og:image\" content=\"https:\/\/sahem.de\/wp-content\/uploads\/2022\/08\/donation2.png\" \/>\n<meta name=\"twitter:card\" content=\"summary_large_image\" \/>\n<meta name=\"twitter:label1\" content=\"Est. reading time\" \/>\n\t<meta name=\"twitter:data1\" content=\"2 minutes\" \/>\n<script type=\"application\/ld+json\" class=\"yoast-schema-graph\">{\"@context\":\"https:\/\/schema.org\",\"@graph\":[{\"@type\":\"WebPage\",\"@id\":\"https:\/\/sahem.de\/?page_id=5261&lang=de\",\"url\":\"https:\/\/sahem.de\/?page_id=5261&lang=de\",\"name\":\"\u0642\u0637\u0627\u0639 \u0627\u0644\u0645\u0634\u0627\u0631\u064a\u0639 \u0627\u0644\u0648\u0642\u0641\u064a\u0629 gr - Sahem\",\"isPartOf\":{\"@id\":\"https:\/\/sahem.de\/#website\"},\"primaryImageOfPage\":{\"@id\":\"https:\/\/sahem.de\/?page_id=5261&lang=de#primaryimage\"},\"image\":{\"@id\":\"https:\/\/sahem.de\/?page_id=5261&lang=de#primaryimage\"},\"thumbnailUrl\":\"https:\/\/sahem.de\/wp-content\/uploads\/2022\/08\/donation2.png\",\"datePublished\":\"2023-01-09T05:54:49+00:00\",\"dateModified\":\"2023-09-01T01:35:59+00:00\",\"breadcrumb\":{\"@id\":\"https:\/\/sahem.de\/?page_id=5261&lang=de#breadcrumb\"},\"inLanguage\":\"ar-EG\",\"potentialAction\":[{\"@type\":\"ReadAction\",\"target\":[\"https:\/\/sahem.de\/?page_id=5261&lang=de\"]}]},{\"@type\":\"ImageObject\",\"inLanguage\":\"ar-EG\",\"@id\":\"https:\/\/sahem.de\/?page_id=5261&lang=de#primaryimage\",\"url\":\"https:\/\/sahem.de\/wp-content\/uploads\/2022\/08\/donation2.png\",\"contentUrl\":\"https:\/\/sahem.de\/wp-content\/uploads\/2022\/08\/donation2.png\",\"width\":512,\"height\":512},{\"@type\":\"BreadcrumbList\",\"@id\":\"https:\/\/sahem.de\/?page_id=5261&lang=de#breadcrumb\",\"itemListElement\":[{\"@type\":\"ListItem\",\"position\":1,\"name\":\"\u0627\u0644\u0631\u0626\u064a\u0633\u064a\u0629\",\"item\":\"https:\/\/sahem.de\/\"},{\"@type\":\"ListItem\",\"position\":2,\"name\":\"\u0642\u0637\u0627\u0639 \u0627\u0644\u0645\u0634\u0627\u0631\u064a\u0639 \u0627\u0644\u0648\u0642\u0641\u064a\u0629 gr\"}]},{\"@type\":\"WebSite\",\"@id\":\"https:\/\/sahem.de\/#website\",\"url\":\"https:\/\/sahem.de\/\",\"name\":\"Sahem\",\"description\":\"\u062f\u0639\u0645 \u0627\u0644\u0645\u0634\u0627\u0631\u064a\u0639 \u0628\u0635\u0641\u0629 \u0648\u0642\u0641\u064a\u0629\",\"potentialAction\":[{\"@type\":\"SearchAction\",\"target\":{\"@type\":\"EntryPoint\",\"urlTemplate\":\"https:\/\/sahem.de\/?s={search_term_string}\"},\"query-input\":{\"@type\":\"PropertyValueSpecification\",\"valueRequired\":true,\"valueName\":\"search_term_string\"}}],\"inLanguage\":\"ar-EG\"}]}<\/script>\n<!-- \/ Yoast SEO plugin. -->","yoast_head_json":{"title":"\u0642\u0637\u0627\u0639 \u0627\u0644\u0645\u0634\u0627\u0631\u064a\u0639 \u0627\u0644\u0648\u0642\u0641\u064a\u0629 gr - Sahem","robots":{"index":"index","follow":"follow","max-snippet":"max-snippet:-1","max-image-preview":"max-image-preview:large","max-video-preview":"max-video-preview:-1"},"canonical":"https:\/\/sahem.de\/?page_id=5261&lang=de","og_locale":"ar_AR","og_type":"article","og_title":"\u0642\u0637\u0627\u0639 \u0627\u0644\u0645\u0634\u0627\u0631\u064a\u0639 \u0627\u0644\u0648\u0642\u0641\u064a\u0629 gr - Sahem","og_description":"Stiftungsprojekte Bereich Stiftungsprojekte \u00dcber die Branche -Stiftungsprojekte sind gemeinn\u00fctzige Projekte-Dieser Sektor zielt darauf ab, Projekte mit einer Stiftung zu unterst\u00fctzen, damit jungen Menschen, die aus ihren Gebieten in Nordsyrien vertrieben&hellip;","og_url":"https:\/\/sahem.de\/?page_id=5261&lang=de","og_site_name":"Sahem","article_modified_time":"2023-09-01T01:35:59+00:00","og_image":[{"url":"https:\/\/sahem.de\/wp-content\/uploads\/2022\/08\/donation2.png","type":"","width":"","height":""}],"twitter_card":"summary_large_image","twitter_misc":{"Est. reading time":"2 minutes"},"schema":{"@context":"https:\/\/schema.org","@graph":[{"@type":"WebPage","@id":"https:\/\/sahem.de\/?page_id=5261&lang=de","url":"https:\/\/sahem.de\/?page_id=5261&lang=de","name":"\u0642\u0637\u0627\u0639 \u0627\u0644\u0645\u0634\u0627\u0631\u064a\u0639 \u0627\u0644\u0648\u0642\u0641\u064a\u0629 gr - Sahem","isPartOf":{"@id":"https:\/\/sahem.de\/#website"},"primaryImageOfPage":{"@id":"https:\/\/sahem.de\/?page_id=5261&lang=de#primaryimage"},"image":{"@id":"https:\/\/sahem.de\/?page_id=5261&lang=de#primaryimage"},"thumbnailUrl":"https:\/\/sahem.de\/wp-content\/uploads\/2022\/08\/donation2.png","datePublished":"2023-01-09T05:54:49+00:00","dateModified":"2023-09-01T01:35:59+00:00","breadcrumb":{"@id":"https:\/\/sahem.de\/?page_id=5261&lang=de#breadcrumb"},"inLanguage":"ar-EG","potentialAction":[{"@type":"ReadAction","target":["https:\/\/sahem.de\/?page_id=5261&lang=de"]}]},{"@type":"ImageObject","inLanguage":"ar-EG","@id":"https:\/\/sahem.de\/?page_id=5261&lang=de#primaryimage","url":"https:\/\/sahem.de\/wp-content\/uploads\/2022\/08\/donation2.png","contentUrl":"https:\/\/sahem.de\/wp-content\/uploads\/2022\/08\/donation2.png","width":512,"height":512},{"@type":"BreadcrumbList","@id":"https:\/\/sahem.de\/?page_id=5261&lang=de#breadcrumb","itemListElement":[{"@type":"ListItem","position":1,"name":"\u0627\u0644\u0631\u0626\u064a\u0633\u064a\u0629","item":"https:\/\/sahem.de\/"},{"@type":"ListItem","position":2,"name":"\u0642\u0637\u0627\u0639 \u0627\u0644\u0645\u0634\u0627\u0631\u064a\u0639 \u0627\u0644\u0648\u0642\u0641\u064a\u0629 gr"}]},{"@type":"WebSite","@id":"https:\/\/sahem.de\/#website","url":"https:\/\/sahem.de\/","name":"Sahem","description":"\u062f\u0639\u0645 \u0627\u0644\u0645\u0634\u0627\u0631\u064a\u0639 \u0628\u0635\u0641\u0629 \u0648\u0642\u0641\u064a\u0629","potentialAction":[{"@type":"SearchAction","target":{"@type":"EntryPoint","urlTemplate":"https:\/\/sahem.de\/?s={search_term_string}"},"query-input":{"@type":"PropertyValueSpecification","valueRequired":true,"valueName":"search_term_string"}}],"inLanguage":"ar-EG"}]}},"campaignId":"","lang":"de","translations":{"de":5261,"en":4988,"ar":3040},"pll_sync_post":[],"_links":{"self":[{"href":"https:\/\/sahem.de\/index.php?rest_route=\/wp\/v2\/pages\/5261","targetHints":{"allow":["GET"]}}],"collection":[{"href":"https:\/\/sahem.de\/index.php?rest_route=\/wp\/v2\/pages"}],"about":[{"href":"https:\/\/sahem.de\/index.php?rest_route=\/wp\/v2\/types\/page"}],"author":[{"embeddable":true,"href":"https:\/\/sahem.de\/index.php?rest_route=\/wp\/v2\/users\/1"}],"replies":[{"embeddable":true,"href":"https:\/\/sahem.de\/index.php?rest_route=%2Fwp%2Fv2%2Fcomments&post=5261"}],"version-history":[{"count":16,"href":"https:\/\/sahem.de\/index.php?rest_route=\/wp\/v2\/pages\/5261\/revisions"}],"predecessor-version":[{"id":6128,"href":"https:\/\/sahem.de\/index.php?rest_route=\/wp\/v2\/pages\/5261\/revisions\/6128"}],"wp:attachment":[{"href":"https:\/\/sahem.de\/index.php?rest_route=%2Fwp%2Fv2%2Fmedia&parent=5261"}],"curies":[{"name":"wp","href":"https:\/\/api.w.org\/{rel}","templated":true}]}}