{"id":5256,"date":"2023-01-09T05:52:33","date_gmt":"2023-01-09T05:52:33","guid":{"rendered":"https:\/\/sahem.de\/?page_id=5256"},"modified":"2023-09-01T03:33:09","modified_gmt":"2023-09-01T01:33:09","slug":"education","status":"publish","type":"page","link":"https:\/\/sahem.de\/?page_id=5256&lang=de","title":{"rendered":"\u0642\u0637\u0627\u0639 \u0627\u0644\u062a\u0639\u0644\u064a\u0645 gr"},"content":{"rendered":"\t\t<div data-elementor-type=\"wp-page\" data-elementor-id=\"5256\" class=\"elementor elementor-5256\">\n\t\t\t\t\t\t<section class=\"has_ma_el_bg_slider elementor-section elementor-top-section elementor-element elementor-element-1ed23a2c elementor-section-full_width elementor-section-stretched elementor-section-height-default elementor-section-height-default jltma-glass-effect-no\" data-id=\"1ed23a2c\" data-element_type=\"section\" data-settings=\"{&quot;stretch_section&quot;:&quot;section-stretched&quot;,&quot;background_background&quot;:&quot;classic&quot;}\">\n\t\t\t\t\t\t\t<div class=\"elementor-background-overlay\"><\/div>\n\t\t\t\t\t\t\t<div class=\"elementor-container elementor-column-gap-extended\">\n\t\t\t\t\t<div class=\"has_ma_el_bg_slider elementor-column elementor-col-100 elementor-top-column elementor-element elementor-element-710ebb41 sc_inner_width_none sc_layouts_column_icons_position_left jltma-glass-effect-no\" data-id=\"710ebb41\" data-element_type=\"column\">\n\t\t\t<div class=\"elementor-widget-wrap elementor-element-populated\">\n\t\t\t\t\t\t<div class=\"elementor-element elementor-element-55f61ea jltma-glass-effect-no sc_fly_static elementor-widget elementor-widget-heading\" data-id=\"55f61ea\" data-element_type=\"widget\" data-widget_type=\"heading.default\">\n\t\t\t\t<div class=\"elementor-widget-container\">\n\t\t\t\t\t<p class=\"elementor-heading-title elementor-size-default\">Ausbildung<\/p>\t\t\t\t<\/div>\n\t\t\t\t<\/div>\n\t\t\t\t<div class=\"elementor-element elementor-element-7acb30f1 jltma-glass-effect-no sc_fly_static elementor-widget elementor-widget-heading\" data-id=\"7acb30f1\" data-element_type=\"widget\" data-widget_type=\"heading.default\">\n\t\t\t\t<div class=\"elementor-widget-container\">\n\t\t\t\t\t<h1 class=\"elementor-heading-title elementor-size-default\">Bereich der Bildungsf\u00f6rderung<\/h1>\t\t\t\t<\/div>\n\t\t\t\t<\/div>\n\t\t\t\t\t<\/div>\n\t\t<\/div>\n\t\t\t\t\t<\/div>\n\t\t<\/section>\n\t\t\t\t<section class=\"has_ma_el_bg_slider elementor-section elementor-top-section elementor-element elementor-element-29301bb elementor-section-full_width elementor-section-stretched elementor-section-height-default elementor-section-height-default jltma-glass-effect-no\" data-id=\"29301bb\" data-element_type=\"section\" data-settings=\"{&quot;stretch_section&quot;:&quot;section-stretched&quot;,&quot;background_background&quot;:&quot;gradient&quot;}\">\n\t\t\t\t\t\t<div class=\"elementor-container elementor-column-gap-extended\">\n\t\t\t\t\t<div class=\"has_ma_el_bg_slider elementor-column elementor-col-50 elementor-top-column elementor-element elementor-element-ace7176 sc_inner_width_none sc_layouts_column_icons_position_left jltma-glass-effect-no\" data-id=\"ace7176\" data-element_type=\"column\">\n\t\t\t<div class=\"elementor-widget-wrap elementor-element-populated\">\n\t\t\t\t\t\t<div class=\"elementor-element elementor-element-236748c jltma-glass-effect-no sc_fly_static elementor-widget elementor-widget-heading\" data-id=\"236748c\" data-element_type=\"widget\" data-widget_type=\"heading.default\">\n\t\t\t\t<div class=\"elementor-widget-container\">\n\t\t\t\t\t<h2 class=\"elementor-heading-title elementor-size-default\">Bildungssektor<\/h2>\t\t\t\t<\/div>\n\t\t\t\t<\/div>\n\t\t\t\t<div class=\"elementor-element elementor-element-277a760 jltma-glass-effect-no sc_fly_static elementor-widget elementor-widget-text-editor\" data-id=\"277a760\" data-element_type=\"widget\" data-widget_type=\"text-editor.default\">\n\t\t\t\t<div class=\"elementor-widget-container\">\n\t\t\t\t\t\t\t\t\t<p>Dieser Sektor zielt darauf ab, Bildungseinrichtungen zu unterst\u00fctzen, indem sie dort Verm\u00f6genswerte erwerben oder Bildungsausgaben f\u00fcr Waisenkinder oder Bed\u00fcrftige \u00fcbernehmen.<\/p>\t\t\t\t\t\t\t\t<\/div>\n\t\t\t\t<\/div>\n\t\t\t\t\t<\/div>\n\t\t<\/div>\n\t\t\t\t<div class=\"has_ma_el_bg_slider elementor-column elementor-col-50 elementor-top-column elementor-element elementor-element-a0884ab sc_inner_width_none sc_layouts_column_icons_position_left jltma-glass-effect-no\" data-id=\"a0884ab\" data-element_type=\"column\">\n\t\t\t<div class=\"elementor-widget-wrap elementor-element-populated\">\n\t\t\t\t\t\t<div class=\"elementor-element elementor-element-718d92e jltma-glass-effect-no sc_fly_static elementor-widget elementor-widget-image\" data-id=\"718d92e\" data-element_type=\"widget\" data-widget_type=\"image.default\">\n\t\t\t\t<div class=\"elementor-widget-container\">\n\t\t\t\t\t\t\t\t\t\t\t\t\t\t\t<img fetchpriority=\"high\" decoding=\"async\" width=\"400\" height=\"400\" src=\"https:\/\/sahem.de\/wp-content\/uploads\/2022\/08\/rey5.png\" class=\"attachment-large size-large wp-image-3268\" alt=\"\" srcset=\"https:\/\/sahem.de\/wp-content\/uploads\/2022\/08\/rey5.png 400w, https:\/\/sahem.de\/wp-content\/uploads\/2022\/08\/rey5-150x150.png 150w, https:\/\/sahem.de\/wp-content\/uploads\/2022\/08\/rey5-370x370.png 370w, https:\/\/sahem.de\/wp-content\/uploads\/2022\/08\/rey5-300x300.png 300w, https:\/\/sahem.de\/wp-content\/uploads\/2022\/08\/rey5-90x90.png 90w\" sizes=\"(max-width: 400px) 100vw, 400px\" \/>\t\t\t\t\t\t\t\t\t\t\t\t\t\t\t<\/div>\n\t\t\t\t<\/div>\n\t\t\t\t\t<\/div>\n\t\t<\/div>\n\t\t\t\t\t<\/div>\n\t\t<\/section>\n\t\t\t\t<section class=\"has_ma_el_bg_slider elementor-section elementor-top-section elementor-element elementor-element-ca83e57 elementor-section-stretched elementor-section-full_width elementor-section-height-default elementor-section-height-default jltma-glass-effect-no\" data-id=\"ca83e57\" data-element_type=\"section\" data-settings=\"{&quot;stretch_section&quot;:&quot;section-stretched&quot;,&quot;background_background&quot;:&quot;gradient&quot;}\">\n\t\t\t\t\t\t<div class=\"elementor-container elementor-column-gap-extended\">\n\t\t\t\t\t<div class=\"has_ma_el_bg_slider elementor-column elementor-col-100 elementor-top-column elementor-element elementor-element-a62fcd6 sc_inner_width_none sc_layouts_column_icons_position_left jltma-glass-effect-no\" data-id=\"a62fcd6\" data-element_type=\"column\">\n\t\t\t<div class=\"elementor-widget-wrap elementor-element-populated\">\n\t\t\t\t\t\t<div class=\"elementor-element elementor-element-31ff0e3 jltma-glass-effect-no sc_fly_static elementor-widget elementor-widget-heading\" data-id=\"31ff0e3\" data-element_type=\"widget\" data-widget_type=\"heading.default\">\n\t\t\t\t<div class=\"elementor-widget-container\">\n\t\t\t\t\t<h2 class=\"elementor-heading-title elementor-size-default\">Einzelheiten<\/h2>\t\t\t\t<\/div>\n\t\t\t\t<\/div>\n\t\t\t\t<div class=\"elementor-element elementor-element-c8c8808 jltma-glass-effect-no sc_fly_static elementor-widget elementor-widget-text-editor\" data-id=\"c8c8808\" data-element_type=\"widget\" data-widget_type=\"text-editor.default\">\n\t\t\t\t<div class=\"elementor-widget-container\">\n\t\t\t\t\t\t\t\t\t<p><strong>-W\u00e4hrend der Gr\u00fcndung der Sahem Association haben wir einige Bildungsinitiativen und einige Schulen kontaktiert, die Unterst\u00fctzung ben\u00f6tigen, um den Bildungsprozess fortzusetzen.\u00a0Wir haben bei der Gr\u00fcndung des Vereins beschlossen, uns auf Bildung zu konzentrieren,\u00a0um das Bildungssystem in den betroffenen Gebieten zu unterst\u00fctzen. <\/strong><\/p><p><strong>Ein weiteres Ziel unserer Arbeit ist die Unterst\u00fctzung von Lehrkr\u00e4ften, die unter Ressourcenknappheit leiden, weil dies von gro\u00dfer Bedeutung, sowohl bei der Bek\u00e4mpfung des Analphabetismus als auch bei der Erziehung und Bildung der Kinder ist. Mit Bildung wollen wir ihnen eines ihrer grundlegendsten Rechte geben, damit sie in Zukunft eine Bereicherung f\u00fcr die Gesellschaft sein k\u00f6nnen und immun gegen die Ideen des Extremismus, der sie umgibt, werden.<\/strong><\/p><p><strong>-Dieses Projekt umfasst neben der Unterst\u00fctzung von Schulen\u00a0die F\u00f6rderung von Sch\u00fclern von der Grundschule bis zum Abschluss.<\/strong><\/p>\t\t\t\t\t\t\t\t<\/div>\n\t\t\t\t<\/div>\n\t\t\t\t\t<\/div>\n\t\t<\/div>\n\t\t\t\t\t<\/div>\n\t\t<\/section>\n\t\t\t\t<section class=\"has_ma_el_bg_slider elementor-section elementor-top-section elementor-element elementor-element-a10691c elementor-section-stretched elementor-section-full_width elementor-section-height-default elementor-section-height-default jltma-glass-effect-no\" data-id=\"a10691c\" data-element_type=\"section\" data-settings=\"{&quot;stretch_section&quot;:&quot;section-stretched&quot;,&quot;background_background&quot;:&quot;gradient&quot;}\">\n\t\t\t\t\t\t<div class=\"elementor-container elementor-column-gap-extended\">\n\t\t\t\t\t<div class=\"has_ma_el_bg_slider elementor-column elementor-col-100 elementor-top-column elementor-element elementor-element-2364052 sc_inner_width_none sc_layouts_column_icons_position_left jltma-glass-effect-no\" data-id=\"2364052\" data-element_type=\"column\">\n\t\t\t<div class=\"elementor-widget-wrap elementor-element-populated\">\n\t\t\t\t\t\t<div class=\"elementor-element elementor-element-5dbf0c5 jltma-glass-effect-no sc_fly_static elementor-widget elementor-widget-heading\" data-id=\"5dbf0c5\" data-element_type=\"widget\" data-widget_type=\"heading.default\">\n\t\t\t\t<div class=\"elementor-widget-container\">\n\t\t\t\t\t<h3 class=\"elementor-heading-title elementor-size-default\">Projekte im Bildungsbereich<\/h3>\t\t\t\t<\/div>\n\t\t\t\t<\/div>\n\t\t\t\t<section class=\"has_ma_el_bg_slider elementor-section elementor-inner-section elementor-element elementor-element-dbd7b2f elementor-section-boxed elementor-section-height-default elementor-section-height-default jltma-glass-effect-no\" data-id=\"dbd7b2f\" data-element_type=\"section\">\n\t\t\t\t\t\t<div class=\"elementor-container elementor-column-gap-extended\">\n\t\t\t\t\t<div class=\"has_ma_el_bg_slider elementor-column elementor-col-33 elementor-inner-column elementor-element elementor-element-7f60397 sc_inner_width_none sc_layouts_column_icons_position_left jltma-glass-effect-no\" data-id=\"7f60397\" data-element_type=\"column\">\n\t\t\t<div class=\"elementor-widget-wrap elementor-element-populated\">\n\t\t\t\t\t\t<div class=\"elementor-element elementor-element-60b111f elementor-position-top jltma-glass-effect-no sc_fly_static elementor-widget elementor-widget-image-box\" data-id=\"60b111f\" data-element_type=\"widget\" data-widget_type=\"image-box.default\">\n\t\t\t\t<div class=\"elementor-widget-container\">\n\t\t\t\t\t<div class=\"elementor-image-box-wrapper\"><figure class=\"elementor-image-box-img\"><img decoding=\"async\" width=\"1080\" height=\"1080\" src=\"https:\/\/sahem.de\/wp-content\/uploads\/2022\/07\/290111272_446617870806888_2894679825976558553_n.jpg\" class=\"elementor-animation-grow attachment-full size-full wp-image-2893\" alt=\"\" srcset=\"https:\/\/sahem.de\/wp-content\/uploads\/2022\/07\/290111272_446617870806888_2894679825976558553_n.jpg 1080w, https:\/\/sahem.de\/wp-content\/uploads\/2022\/07\/290111272_446617870806888_2894679825976558553_n-150x150.jpg 150w, https:\/\/sahem.de\/wp-content\/uploads\/2022\/07\/290111272_446617870806888_2894679825976558553_n-370x370.jpg 370w, https:\/\/sahem.de\/wp-content\/uploads\/2022\/07\/290111272_446617870806888_2894679825976558553_n-300x300.jpg 300w, https:\/\/sahem.de\/wp-content\/uploads\/2022\/07\/290111272_446617870806888_2894679825976558553_n-1024x1024.jpg 1024w, https:\/\/sahem.de\/wp-content\/uploads\/2022\/07\/290111272_446617870806888_2894679825976558553_n-768x768.jpg 768w, https:\/\/sahem.de\/wp-content\/uploads\/2022\/07\/290111272_446617870806888_2894679825976558553_n-90x90.jpg 90w, https:\/\/sahem.de\/wp-content\/uploads\/2022\/07\/290111272_446617870806888_2894679825976558553_n-760x760.jpg 760w\" sizes=\"(max-width: 1080px) 100vw, 1080px\" \/><\/figure><div class=\"elementor-image-box-content\"><p class=\"elementor-image-box-title\">Scham-Schule<\/p><p class=\"elementor-image-box-description\">Die Scham-Modell-Schule ist eine der angesehensten Schulen im Bildungsbereich, und wir arbeiten daran, herausragende Sch\u00fcler zu f\u00f6rdern, die sich die Studiengeb\u00fchren nicht leisten k\u00f6nnen<br>\n<a href=\"https:\/\/sahem.de\/de\/education\/sham-school\/\" id=\"trx_sc_button_1486141953\" class=\"sc_button color_style_link2 sc_button_default sc_button_size_normal sc_button_icon_left\"><span class=\"sc_button_text\"><span class=\"sc_button_title\">mehr anzeigen<\/span><!-- span--><!-- \/. sc_button_text --><\/span><\/a><\/p><\/div><\/div>\t\t\t\t<\/div>\n\t\t\t\t<\/div>\n\t\t\t\t\t<\/div>\n\t\t<\/div>\n\t\t\t\t<div class=\"has_ma_el_bg_slider elementor-column elementor-col-33 elementor-inner-column elementor-element elementor-element-2cc3da0 sc_inner_width_none sc_layouts_column_icons_position_left jltma-glass-effect-no\" data-id=\"2cc3da0\" data-element_type=\"column\">\n\t\t\t<div class=\"elementor-widget-wrap\">\n\t\t\t\t\t\t\t<\/div>\n\t\t<\/div>\n\t\t\t\t<div class=\"has_ma_el_bg_slider elementor-column elementor-col-33 elementor-inner-column elementor-element elementor-element-5dc2866 sc_inner_width_none sc_layouts_column_icons_position_left jltma-glass-effect-no\" data-id=\"5dc2866\" data-element_type=\"column\">\n\t\t\t<div class=\"elementor-widget-wrap\">\n\t\t\t\t\t\t\t<\/div>\n\t\t<\/div>\n\t\t\t\t\t<\/div>\n\t\t<\/section>\n\t\t\t\t\t<\/div>\n\t\t<\/div>\n\t\t\t\t\t<\/div>\n\t\t<\/section>\n\t\t\t\t<\/div>\n\t\t","protected":false},"excerpt":{"rendered":"<p>Ausbildung Bereich der Bildungsf\u00f6rderung Bildungssektor Dieser Sektor zielt darauf ab, Bildungseinrichtungen zu unterst\u00fctzen, indem sie dort Verm\u00f6genswerte erwerben oder Bildungsausgaben f\u00fcr Waisenkinder oder Bed\u00fcrftige \u00fcbernehmen. Einzelheiten -W\u00e4hrend der Gr\u00fcndung der&hellip;<\/p>\n","protected":false},"author":1,"featured_media":0,"parent":0,"menu_order":0,"comment_status":"closed","ping_status":"closed","template":"","meta":{"give_campaign_id":0,"footnotes":""},"class_list":["post-5256","page","type-page","status-publish","hentry"],"yoast_head":"<!-- This site is optimized with the Yoast SEO plugin v25.2 - https:\/\/yoast.com\/wordpress\/plugins\/seo\/ -->\n<title>\u0642\u0637\u0627\u0639 \u0627\u0644\u062a\u0639\u0644\u064a\u0645 gr - Sahem<\/title>\n<meta name=\"robots\" content=\"index, follow, max-snippet:-1, max-image-preview:large, max-video-preview:-1\" \/>\n<link rel=\"canonical\" href=\"https:\/\/sahem.de\/?page_id=5256&lang=de\" \/>\n<meta property=\"og:locale\" content=\"ar_AR\" \/>\n<meta property=\"og:type\" content=\"article\" \/>\n<meta property=\"og:title\" content=\"\u0642\u0637\u0627\u0639 \u0627\u0644\u062a\u0639\u0644\u064a\u0645 gr - Sahem\" \/>\n<meta property=\"og:description\" content=\"Ausbildung Bereich der Bildungsf\u00f6rderung Bildungssektor Dieser Sektor zielt darauf ab, Bildungseinrichtungen zu unterst\u00fctzen, indem sie dort Verm\u00f6genswerte erwerben oder Bildungsausgaben f\u00fcr Waisenkinder oder Bed\u00fcrftige \u00fcbernehmen. Einzelheiten -W\u00e4hrend der Gr\u00fcndung der&hellip;\" \/>\n<meta property=\"og:url\" content=\"https:\/\/sahem.de\/?page_id=5256&amp;lang=de\" \/>\n<meta property=\"og:site_name\" content=\"Sahem\" \/>\n<meta property=\"article:modified_time\" content=\"2023-09-01T01:33:09+00:00\" \/>\n<meta property=\"og:image\" content=\"https:\/\/sahem.de\/wp-content\/uploads\/2022\/08\/rey5.png\" \/>\n<meta name=\"twitter:card\" content=\"summary_large_image\" \/>\n<meta name=\"twitter:label1\" content=\"Est. reading time\" \/>\n\t<meta name=\"twitter:data1\" content=\"2 minutes\" \/>\n<script type=\"application\/ld+json\" class=\"yoast-schema-graph\">{\"@context\":\"https:\/\/schema.org\",\"@graph\":[{\"@type\":\"WebPage\",\"@id\":\"https:\/\/sahem.de\/?page_id=5256&lang=de\",\"url\":\"https:\/\/sahem.de\/?page_id=5256&lang=de\",\"name\":\"\u0642\u0637\u0627\u0639 \u0627\u0644\u062a\u0639\u0644\u064a\u0645 gr - Sahem\",\"isPartOf\":{\"@id\":\"https:\/\/sahem.de\/#website\"},\"primaryImageOfPage\":{\"@id\":\"https:\/\/sahem.de\/?page_id=5256&lang=de#primaryimage\"},\"image\":{\"@id\":\"https:\/\/sahem.de\/?page_id=5256&lang=de#primaryimage\"},\"thumbnailUrl\":\"https:\/\/sahem.de\/wp-content\/uploads\/2022\/08\/rey5.png\",\"datePublished\":\"2023-01-09T05:52:33+00:00\",\"dateModified\":\"2023-09-01T01:33:09+00:00\",\"breadcrumb\":{\"@id\":\"https:\/\/sahem.de\/?page_id=5256&lang=de#breadcrumb\"},\"inLanguage\":\"ar-EG\",\"potentialAction\":[{\"@type\":\"ReadAction\",\"target\":[\"https:\/\/sahem.de\/?page_id=5256&lang=de\"]}]},{\"@type\":\"ImageObject\",\"inLanguage\":\"ar-EG\",\"@id\":\"https:\/\/sahem.de\/?page_id=5256&lang=de#primaryimage\",\"url\":\"https:\/\/sahem.de\/wp-content\/uploads\/2022\/08\/rey5.png\",\"contentUrl\":\"https:\/\/sahem.de\/wp-content\/uploads\/2022\/08\/rey5.png\",\"width\":400,\"height\":400},{\"@type\":\"BreadcrumbList\",\"@id\":\"https:\/\/sahem.de\/?page_id=5256&lang=de#breadcrumb\",\"itemListElement\":[{\"@type\":\"ListItem\",\"position\":1,\"name\":\"\u0627\u0644\u0631\u0626\u064a\u0633\u064a\u0629\",\"item\":\"https:\/\/sahem.de\/\"},{\"@type\":\"ListItem\",\"position\":2,\"name\":\"\u0642\u0637\u0627\u0639 \u0627\u0644\u062a\u0639\u0644\u064a\u0645 gr\"}]},{\"@type\":\"WebSite\",\"@id\":\"https:\/\/sahem.de\/#website\",\"url\":\"https:\/\/sahem.de\/\",\"name\":\"Sahem\",\"description\":\"\u062f\u0639\u0645 \u0627\u0644\u0645\u0634\u0627\u0631\u064a\u0639 \u0628\u0635\u0641\u0629 \u0648\u0642\u0641\u064a\u0629\",\"potentialAction\":[{\"@type\":\"SearchAction\",\"target\":{\"@type\":\"EntryPoint\",\"urlTemplate\":\"https:\/\/sahem.de\/?s={search_term_string}\"},\"query-input\":{\"@type\":\"PropertyValueSpecification\",\"valueRequired\":true,\"valueName\":\"search_term_string\"}}],\"inLanguage\":\"ar-EG\"}]}<\/script>\n<!-- \/ Yoast SEO plugin. -->","yoast_head_json":{"title":"\u0642\u0637\u0627\u0639 \u0627\u0644\u062a\u0639\u0644\u064a\u0645 gr - Sahem","robots":{"index":"index","follow":"follow","max-snippet":"max-snippet:-1","max-image-preview":"max-image-preview:large","max-video-preview":"max-video-preview:-1"},"canonical":"https:\/\/sahem.de\/?page_id=5256&lang=de","og_locale":"ar_AR","og_type":"article","og_title":"\u0642\u0637\u0627\u0639 \u0627\u0644\u062a\u0639\u0644\u064a\u0645 gr - Sahem","og_description":"Ausbildung Bereich der Bildungsf\u00f6rderung Bildungssektor Dieser Sektor zielt darauf ab, Bildungseinrichtungen zu unterst\u00fctzen, indem sie dort Verm\u00f6genswerte erwerben oder Bildungsausgaben f\u00fcr Waisenkinder oder Bed\u00fcrftige \u00fcbernehmen. Einzelheiten -W\u00e4hrend der Gr\u00fcndung der&hellip;","og_url":"https:\/\/sahem.de\/?page_id=5256&lang=de","og_site_name":"Sahem","article_modified_time":"2023-09-01T01:33:09+00:00","og_image":[{"url":"https:\/\/sahem.de\/wp-content\/uploads\/2022\/08\/rey5.png","type":"","width":"","height":""}],"twitter_card":"summary_large_image","twitter_misc":{"Est. reading time":"2 minutes"},"schema":{"@context":"https:\/\/schema.org","@graph":[{"@type":"WebPage","@id":"https:\/\/sahem.de\/?page_id=5256&lang=de","url":"https:\/\/sahem.de\/?page_id=5256&lang=de","name":"\u0642\u0637\u0627\u0639 \u0627\u0644\u062a\u0639\u0644\u064a\u0645 gr - Sahem","isPartOf":{"@id":"https:\/\/sahem.de\/#website"},"primaryImageOfPage":{"@id":"https:\/\/sahem.de\/?page_id=5256&lang=de#primaryimage"},"image":{"@id":"https:\/\/sahem.de\/?page_id=5256&lang=de#primaryimage"},"thumbnailUrl":"https:\/\/sahem.de\/wp-content\/uploads\/2022\/08\/rey5.png","datePublished":"2023-01-09T05:52:33+00:00","dateModified":"2023-09-01T01:33:09+00:00","breadcrumb":{"@id":"https:\/\/sahem.de\/?page_id=5256&lang=de#breadcrumb"},"inLanguage":"ar-EG","potentialAction":[{"@type":"ReadAction","target":["https:\/\/sahem.de\/?page_id=5256&lang=de"]}]},{"@type":"ImageObject","inLanguage":"ar-EG","@id":"https:\/\/sahem.de\/?page_id=5256&lang=de#primaryimage","url":"https:\/\/sahem.de\/wp-content\/uploads\/2022\/08\/rey5.png","contentUrl":"https:\/\/sahem.de\/wp-content\/uploads\/2022\/08\/rey5.png","width":400,"height":400},{"@type":"BreadcrumbList","@id":"https:\/\/sahem.de\/?page_id=5256&lang=de#breadcrumb","itemListElement":[{"@type":"ListItem","position":1,"name":"\u0627\u0644\u0631\u0626\u064a\u0633\u064a\u0629","item":"https:\/\/sahem.de\/"},{"@type":"ListItem","position":2,"name":"\u0642\u0637\u0627\u0639 \u0627\u0644\u062a\u0639\u0644\u064a\u0645 gr"}]},{"@type":"WebSite","@id":"https:\/\/sahem.de\/#website","url":"https:\/\/sahem.de\/","name":"Sahem","description":"\u062f\u0639\u0645 \u0627\u0644\u0645\u0634\u0627\u0631\u064a\u0639 \u0628\u0635\u0641\u0629 \u0648\u0642\u0641\u064a\u0629","potentialAction":[{"@type":"SearchAction","target":{"@type":"EntryPoint","urlTemplate":"https:\/\/sahem.de\/?s={search_term_string}"},"query-input":{"@type":"PropertyValueSpecification","valueRequired":true,"valueName":"search_term_string"}}],"inLanguage":"ar-EG"}]}},"campaignId":"","lang":"de","translations":{"de":5256,"en":4982,"ar":2818},"pll_sync_post":[],"_links":{"self":[{"href":"https:\/\/sahem.de\/index.php?rest_route=\/wp\/v2\/pages\/5256","targetHints":{"allow":["GET"]}}],"collection":[{"href":"https:\/\/sahem.de\/index.php?rest_route=\/wp\/v2\/pages"}],"about":[{"href":"https:\/\/sahem.de\/index.php?rest_route=\/wp\/v2\/types\/page"}],"author":[{"embeddable":true,"href":"https:\/\/sahem.de\/index.php?rest_route=\/wp\/v2\/users\/1"}],"replies":[{"embeddable":true,"href":"https:\/\/sahem.de\/index.php?rest_route=%2Fwp%2Fv2%2Fcomments&post=5256"}],"version-history":[{"count":28,"href":"https:\/\/sahem.de\/index.php?rest_route=\/wp\/v2\/pages\/5256\/revisions"}],"predecessor-version":[{"id":6122,"href":"https:\/\/sahem.de\/index.php?rest_route=\/wp\/v2\/pages\/5256\/revisions\/6122"}],"wp:attachment":[{"href":"https:\/\/sahem.de\/index.php?rest_route=%2Fwp%2Fv2%2Fmedia&parent=5256"}],"curies":[{"name":"wp","href":"https:\/\/api.w.org\/{rel}","templated":true}]}}