{"id":5227,"date":"2023-01-08T17:13:19","date_gmt":"2023-01-08T17:13:19","guid":{"rendered":"https:\/\/sahem.de\/?page_id=5227"},"modified":"2023-09-14T22:45:20","modified_gmt":"2023-09-14T20:45:20","slug":"how-to-donate","status":"publish","type":"page","link":"https:\/\/sahem.de\/?page_id=5227&lang=de","title":{"rendered":"\u0637\u0631\u0642 \u0627\u0644\u062a\u0628\u0631\u0639 gr"},"content":{"rendered":"\t\t<div data-elementor-type=\"wp-page\" data-elementor-id=\"5227\" class=\"elementor elementor-5227\">\n\t\t\t\t\t\t<section class=\"has_ma_el_bg_slider elementor-section elementor-top-section elementor-element elementor-element-1ed23a2c elementor-section-full_width elementor-section-stretched elementor-section-height-default elementor-section-height-default jltma-glass-effect-no\" data-id=\"1ed23a2c\" data-element_type=\"section\" data-settings=\"{&quot;stretch_section&quot;:&quot;section-stretched&quot;,&quot;background_background&quot;:&quot;classic&quot;}\">\n\t\t\t\t\t\t\t<div class=\"elementor-background-overlay\"><\/div>\n\t\t\t\t\t\t\t<div class=\"elementor-container elementor-column-gap-extended\">\n\t\t\t\t\t<div class=\"has_ma_el_bg_slider elementor-column elementor-col-100 elementor-top-column elementor-element elementor-element-710ebb41 sc_inner_width_none sc_layouts_column_icons_position_left jltma-glass-effect-no\" data-id=\"710ebb41\" data-element_type=\"column\">\n\t\t\t<div class=\"elementor-widget-wrap elementor-element-populated\">\n\t\t\t\t\t\t<div class=\"elementor-element elementor-element-55f61ea jltma-glass-effect-no sc_fly_static elementor-widget elementor-widget-heading\" data-id=\"55f61ea\" data-element_type=\"widget\" data-widget_type=\"heading.default\">\n\t\t\t\t<div class=\"elementor-widget-container\">\n\t\t\t\t\t<p class=\"elementor-heading-title elementor-size-default\">Spende<\/p>\t\t\t\t<\/div>\n\t\t\t\t<\/div>\n\t\t\t\t<div class=\"elementor-element elementor-element-7acb30f1 jltma-glass-effect-no sc_fly_static elementor-widget elementor-widget-heading\" data-id=\"7acb30f1\" data-element_type=\"widget\" data-widget_type=\"heading.default\">\n\t\t\t\t<div class=\"elementor-widget-container\">\n\t\t\t\t\t<h1 class=\"elementor-heading-title elementor-size-default\">M\u00f6glichkeiten zu spenden <\/h1>\t\t\t\t<\/div>\n\t\t\t\t<\/div>\n\t\t\t\t\t<\/div>\n\t\t<\/div>\n\t\t\t\t\t<\/div>\n\t\t<\/section>\n\t\t\t\t<section class=\"has_ma_el_bg_slider elementor-section elementor-top-section elementor-element elementor-element-01ea1c1 elementor-section-stretched elementor-section-boxed elementor-section-height-default elementor-section-height-default jltma-glass-effect-no\" data-id=\"01ea1c1\" data-element_type=\"section\" data-settings=\"{&quot;stretch_section&quot;:&quot;section-stretched&quot;,&quot;background_background&quot;:&quot;gradient&quot;}\">\n\t\t\t\t\t\t<div class=\"elementor-container elementor-column-gap-extended\">\n\t\t\t\t\t<div class=\"has_ma_el_bg_slider elementor-column elementor-col-100 elementor-top-column elementor-element elementor-element-dfd28f6 sc_inner_width_none sc_layouts_column_icons_position_left jltma-glass-effect-no\" data-id=\"dfd28f6\" data-element_type=\"column\">\n\t\t\t<div class=\"elementor-widget-wrap elementor-element-populated\">\n\t\t\t\t\t\t<div class=\"elementor-element elementor-element-011983d jltma-glass-effect-no sc_fly_static elementor-widget elementor-widget-heading\" data-id=\"011983d\" data-element_type=\"widget\" data-widget_type=\"heading.default\">\n\t\t\t\t<div class=\"elementor-widget-container\">\n\t\t\t\t\t<h2 class=\"elementor-heading-title elementor-size-default\">Liste der verf\u00fcgbaren Spendenmethoden<\/h2>\t\t\t\t<\/div>\n\t\t\t\t<\/div>\n\t\t\t\t<div class=\"elementor-element elementor-element-bf093bb elementor-widget-divider--view-line jltma-glass-effect-no sc_fly_static elementor-widget elementor-widget-divider\" data-id=\"bf093bb\" data-element_type=\"widget\" data-widget_type=\"divider.default\">\n\t\t\t\t<div class=\"elementor-widget-container\">\n\t\t\t\t\t\t\t<div class=\"elementor-divider\">\n\t\t\t<span class=\"elementor-divider-separator\">\n\t\t\t\t\t\t<\/span>\n\t\t<\/div>\n\t\t\t\t\t\t<\/div>\n\t\t\t\t<\/div>\n\t\t\t\t<div class=\"elementor-element elementor-element-d6f5da4 jltma-glass-effect-no sc_fly_static elementor-widget elementor-widget-text-editor\" data-id=\"d6f5da4\" data-element_type=\"widget\" data-widget_type=\"text-editor.default\">\n\t\t\t\t<div class=\"elementor-widget-container\">\n\t\t\t\t\t\t\t\t\t<p>Im Folgenden zeigen wir Ihnen die verf\u00fcgbaren M\u00f6glichkeiten, zu den Kampagnen der Sahem-Organisation beizutragen und im Rahmen der verschiedenen Aktivit\u00e4ten Hilfe f\u00fcr Bed\u00fcrftige zu leisten.<\/p>\t\t\t\t\t\t\t\t<\/div>\n\t\t\t\t<\/div>\n\t\t\t\t\t<\/div>\n\t\t<\/div>\n\t\t\t\t\t<\/div>\n\t\t<\/section>\n\t\t\t\t<section class=\"has_ma_el_bg_slider elementor-section elementor-top-section elementor-element elementor-element-2ec651c elementor-section-full_width elementor-section-content-top elementor-section-stretched elementor-section-height-default elementor-section-height-default jltma-glass-effect-no\" data-id=\"2ec651c\" data-element_type=\"section\" data-settings=\"{&quot;stretch_section&quot;:&quot;section-stretched&quot;,&quot;background_background&quot;:&quot;gradient&quot;}\">\n\t\t\t\t\t\t<div class=\"elementor-container elementor-column-gap-extended\">\n\t\t\t\t\t<div class=\"has_ma_el_bg_slider elementor-column elementor-col-100 elementor-top-column elementor-element elementor-element-64e4115 sc_inner_width_none sc_layouts_column_icons_position_left jltma-glass-effect-no\" data-id=\"64e4115\" data-element_type=\"column\">\n\t\t\t<div class=\"elementor-widget-wrap elementor-element-populated\">\n\t\t\t\t\t\t<div class=\"elementor-element elementor-element-9ab5b86 jltma-glass-effect-no sc_fly_static elementor-widget elementor-widget-heading\" data-id=\"9ab5b86\" data-element_type=\"widget\" data-widget_type=\"heading.default\">\n\t\t\t\t<div class=\"elementor-widget-container\">\n\t\t\t\t\t<h2 class=\"elementor-heading-title elementor-size-default\">Notiz<\/h2>\t\t\t\t<\/div>\n\t\t\t\t<\/div>\n\t\t\t\t<div class=\"elementor-element elementor-element-26c0fba jltma-glass-effect-no sc_fly_static elementor-widget elementor-widget-ma-tabs\" data-id=\"26c0fba\" data-element_type=\"widget\" data-widget_type=\"ma-tabs.default\">\n\t\t\t\t<div class=\"elementor-widget-container\">\n\t\t\t\t\t\n\n\t\t<div id=\"jltma--advance-tabs-26c0fba\" class=\"jltma--advance-tab three \" data-tab-effect=\"click\" data-tabs>\n\n\t\t\t\n\t\t\t\t<ul class=\"jltma--advance-tab-nav\">\n\t\t\t\t\t\t\t\t\t\t\t<li class=\"active\" data-tab data-tab-id=\"jltma-tab-26c0fba0\">\n\t\t\t\t\t\t\t<i aria-hidden=\"true\" class=\"fab fa-cc-paypal\"><\/i>\t\t\t\t\t\t\t\t\t\t\t\t\t\t\t<span class=\"jltma--tab-title\">\n\t\t\t\t\t\t\t\tPayPal\t\t\t\t\t\t\t<\/span>\n\t\t\t\t\t\t<\/li>\n\t\t\t\t\t\t\t\t\t\t\t<li class=\"\" data-tab data-tab-id=\"jltma-tab-26c0fba1\">\n\t\t\t\t\t\t\t<i aria-hidden=\"true\" class=\"far fa-credit-card\"><\/i>\t\t\t\t\t\t\t\t\t\t\t\t\t\t\t<span class=\"jltma--tab-title\">\n\t\t\t\t\t\t\t\tCreadit cards\t\t\t\t\t\t\t<\/span>\n\t\t\t\t\t\t<\/li>\n\t\t\t\t\t\t\t\t\t\t\t<li class=\"\" data-tab data-tab-id=\"jltma-tab-26c0fba2\">\n\t\t\t\t\t\t\t<i aria-hidden=\"true\" class=\"im im-bank\"><\/i>\t\t\t\t\t\t\t\t\t\t\t\t\t\t\t<span class=\"jltma--tab-title\">\n\t\t\t\t\t\t\t\tBank transfer\t\t\t\t\t\t\t<\/span>\n\t\t\t\t\t\t<\/li>\n\t\t\t\t\t\t\t\t\t<\/ul>\n\n\t\t\t\t\n\t\t\t\t<div class=\"tab-content\">\n\t\t\t\t\t\t\t\t\t\t\t<div id=\"jltma-tab-26c0fba0\" class=\"jltma--advance-tab-content tab-pane active\">\n\t\t\t\t\t\t\t<h3>PayPal<\/h3><p>Sie k\u00f6nnen direkt \u00fcber die Website beitragen, indem Sie \u00fcber Ihr Paypal-Konto bezahlen.<\/p><p>\u00dcber Spendenformulare, indem Sie die PayPal-Spendenmethode ausw\u00e4hlen und den Zahlungsvorgang abschlie\u00dfen.<\/p><p>Gehen Sie zur Beitragsseite \u00fcber <a href=\"https:\/\/sahem.de\/de\/donating-programs\/\">hier klicken<\/a>.<\/p>\t\t\t\t\t\t<\/div><!-- jltma--advance-tab-content -->\n\t\t\t\t\t\t\t\t\t\t\t<div id=\"jltma-tab-26c0fba1\" class=\"jltma--advance-tab-content tab-pane \">\n\t\t\t\t\t\t\t<h3>Kreditkarten<\/h3><ul><li><p class=\"MsoNormal\" style=\"mso-margin-top-alt: auto; mso-margin-bottom-alt: auto; line-height: normal;\"><span lang=\"DE\" style=\"font-size: 15.0pt; font-family: 'Tajawal',serif; mso-fareast-font-family: 'Times New Roman'; mso-bidi-font-family: 'Times New Roman'; color: #333333; mso-fareast-language: DE;\">Die Website bietet die M\u00f6glichkeit der\u00a0<\/span><b><span lang=\"DE\" style=\"font-size: 15.0pt; font-family: 'inherit',serif; mso-fareast-font-family: 'Times New Roman'; mso-bidi-font-family: 'Times New Roman'; color: #333333; border: none windowtext 1.0pt; mso-border-alt: none windowtext 0in; padding: 0in; mso-fareast-language: DE;\">direkten<\/span><\/b><span lang=\"DE\" style=\"font-size: 15.0pt; font-family: 'Tajawal',serif; mso-fareast-font-family: 'Times New Roman'; mso-bidi-font-family: 'Times New Roman'; color: #333333; mso-fareast-language: DE;\"> Zahlung mit einer Kreditkarte oder einer Visa-Karte. Hier klicken.\u00a0<\/span><\/p><\/li><\/ul>\t\t\t\t\t\t<\/div><!-- jltma--advance-tab-content -->\n\t\t\t\t\t\t\t\t\t\t\t<div id=\"jltma-tab-26c0fba2\" class=\"jltma--advance-tab-content tab-pane \">\n\t\t\t\t\t\t\t<h3><strong>Bank\u00fcberweisung<\/strong><\/h3><ul><li><p>Sie k\u00f6nnen von Ihrem eigenen Konto aus \u00fcber regelm\u00e4\u00dfige Bank\u00fcberweisungen spenden.<strong>Kontoname: Sahem e.V<\/strong><\/p><\/li><\/ul><p><strong>IBAN\u00a0<\/strong><b>DE73 4306 0967 1317 2952 00\u00a0<\/b><\/p><ul><li><p>Bitte schreiben Sie den Zweck, f\u00fcr den Sie spenden m\u00f6chten, in das daf\u00fcr vorgesehene Feld.<\/p><\/li><\/ul>\t\t\t\t\t\t<\/div><!-- jltma--advance-tab-content -->\n\t\t\t\t\t\t\t\t\t<\/div> <!-- tab-content -->\n\n\n\t\t\t\t\n\t\t<\/div>\n\t\t\t\t<\/div>\n\t\t\t\t<\/div>\n\t\t\t\t<div class=\"elementor-element elementor-element-6e59d97 elementor-widget-divider--view-line jltma-glass-effect-no sc_fly_static elementor-widget elementor-widget-divider\" data-id=\"6e59d97\" data-element_type=\"widget\" data-widget_type=\"divider.default\">\n\t\t\t\t<div class=\"elementor-widget-container\">\n\t\t\t\t\t\t\t<div class=\"elementor-divider\">\n\t\t\t<span class=\"elementor-divider-separator\">\n\t\t\t\t\t\t<\/span>\n\t\t<\/div>\n\t\t\t\t\t\t<\/div>\n\t\t\t\t<\/div>\n\t\t\t\t<section class=\"has_ma_el_bg_slider elementor-section elementor-inner-section elementor-element elementor-element-bf2f2c7 elementor-section-full_width elementor-section-height-default elementor-section-height-default jltma-glass-effect-no\" data-id=\"bf2f2c7\" data-element_type=\"section\">\n\t\t\t\t\t\t<div class=\"elementor-container elementor-column-gap-extended\">\n\t\t\t\t\t<div class=\"has_ma_el_bg_slider elementor-column elementor-col-50 elementor-inner-column elementor-element elementor-element-b6d2baf sc_inner_width_none sc_layouts_column_icons_position_left jltma-glass-effect-no\" data-id=\"b6d2baf\" data-element_type=\"column\">\n\t\t\t<div class=\"elementor-widget-wrap elementor-element-populated\">\n\t\t\t\t\t\t<div class=\"elementor-element elementor-element-554f2da jltma-glass-effect-no sc_fly_static elementor-widget elementor-widget-image\" data-id=\"554f2da\" data-element_type=\"widget\" data-widget_type=\"image.default\">\n\t\t\t\t<div class=\"elementor-widget-container\">\n\t\t\t\t\t\t\t\t\t\t\t\t\t\t\t<img decoding=\"async\" width=\"110\" height=\"128\" src=\"https:\/\/sahem.de\/wp-content\/uploads\/2022\/11\/shield-1-1.png\" class=\"attachment-large size-large wp-image-4844\" alt=\"\" \/>\t\t\t\t\t\t\t\t\t\t\t\t\t\t\t<\/div>\n\t\t\t\t<\/div>\n\t\t\t\t\t<\/div>\n\t\t<\/div>\n\t\t\t\t<div class=\"has_ma_el_bg_slider elementor-column elementor-col-50 elementor-inner-column elementor-element elementor-element-bca499f sc_inner_width_none sc_layouts_column_icons_position_left jltma-glass-effect-no\" data-id=\"bca499f\" data-element_type=\"column\">\n\t\t\t<div class=\"elementor-widget-wrap elementor-element-populated\">\n\t\t\t\t\t\t<div class=\"elementor-element elementor-element-a5f406d e-transform jltma-glass-effect-no sc_fly_static elementor-widget elementor-widget-text-editor\" data-id=\"a5f406d\" data-element_type=\"widget\" data-settings=\"{&quot;_transform_translateX_effect&quot;:{&quot;unit&quot;:&quot;px&quot;,&quot;size&quot;:146,&quot;sizes&quot;:[]},&quot;_transform_translateY_effect&quot;:{&quot;unit&quot;:&quot;px&quot;,&quot;size&quot;:0,&quot;sizes&quot;:[]},&quot;_transform_translateX_effect_tablet&quot;:{&quot;unit&quot;:&quot;px&quot;,&quot;size&quot;:&quot;&quot;,&quot;sizes&quot;:[]},&quot;_transform_translateX_effect_mobile&quot;:{&quot;unit&quot;:&quot;px&quot;,&quot;size&quot;:&quot;&quot;,&quot;sizes&quot;:[]},&quot;_transform_translateY_effect_tablet&quot;:{&quot;unit&quot;:&quot;px&quot;,&quot;size&quot;:&quot;&quot;,&quot;sizes&quot;:[]},&quot;_transform_translateY_effect_mobile&quot;:{&quot;unit&quot;:&quot;px&quot;,&quot;size&quot;:&quot;&quot;,&quot;sizes&quot;:[]}}\" data-widget_type=\"text-editor.default\">\n\t\t\t\t<div class=\"elementor-widget-container\">\n\t\t\t\t\t\t\t\t\t<p style=\"text-align: left;\">Wir weisen darauf hin, dass alle Ihre Daten und Bank\u00fcberweisungen zugunsten des Vereins vollst\u00e4ndig gesch\u00fctzt sind und es niemandem au\u00dfer dem Finanzverantwortlichen der Veranstaltung eingesehen werden darf dass Sie eine Spendenbescheinigung anfordern, um den steuerlichen Teil Ihrer Spende zugunsten des Vereins wiederzuerlangen.<\/p>\t\t\t\t\t\t\t\t<\/div>\n\t\t\t\t<\/div>\n\t\t\t\t\t<\/div>\n\t\t<\/div>\n\t\t\t\t\t<\/div>\n\t\t<\/section>\n\t\t\t\t\t<\/div>\n\t\t<\/div>\n\t\t\t\t\t<\/div>\n\t\t<\/section>\n\t\t\t\t<\/div>\n\t\t","protected":false},"excerpt":{"rendered":"<p>Spende M\u00f6glichkeiten zu spenden Liste der verf\u00fcgbaren Spendenmethoden Im Folgenden zeigen wir Ihnen die verf\u00fcgbaren M\u00f6glichkeiten, zu den Kampagnen der Sahem-Organisation beizutragen und im Rahmen der verschiedenen Aktivit\u00e4ten Hilfe f\u00fcr&hellip;<\/p>\n","protected":false},"author":1,"featured_media":0,"parent":0,"menu_order":0,"comment_status":"closed","ping_status":"closed","template":"","meta":{"give_campaign_id":0,"footnotes":""},"class_list":["post-5227","page","type-page","status-publish","hentry"],"yoast_head":"<!-- This site is optimized with the Yoast SEO plugin v25.2 - https:\/\/yoast.com\/wordpress\/plugins\/seo\/ -->\n<title>\u0637\u0631\u0642 \u0627\u0644\u062a\u0628\u0631\u0639 gr - Sahem<\/title>\n<meta name=\"robots\" content=\"index, follow, max-snippet:-1, max-image-preview:large, max-video-preview:-1\" \/>\n<link rel=\"canonical\" href=\"https:\/\/sahem.de\/?page_id=5227&lang=de\" \/>\n<meta property=\"og:locale\" content=\"ar_AR\" \/>\n<meta property=\"og:type\" content=\"article\" \/>\n<meta property=\"og:title\" content=\"\u0637\u0631\u0642 \u0627\u0644\u062a\u0628\u0631\u0639 gr - Sahem\" \/>\n<meta property=\"og:description\" content=\"Spende M\u00f6glichkeiten zu spenden Liste der verf\u00fcgbaren Spendenmethoden Im Folgenden zeigen wir Ihnen die verf\u00fcgbaren M\u00f6glichkeiten, zu den Kampagnen der Sahem-Organisation beizutragen und im Rahmen der verschiedenen Aktivit\u00e4ten Hilfe f\u00fcr&hellip;\" \/>\n<meta property=\"og:url\" content=\"https:\/\/sahem.de\/?page_id=5227&amp;lang=de\" \/>\n<meta property=\"og:site_name\" content=\"Sahem\" \/>\n<meta property=\"article:modified_time\" content=\"2023-09-14T20:45:20+00:00\" \/>\n<meta property=\"og:image\" content=\"https:\/\/sahem.de\/wp-content\/uploads\/2022\/11\/shield-1-1.png\" \/>\n<meta name=\"twitter:card\" content=\"summary_large_image\" \/>\n<meta name=\"twitter:label1\" content=\"Est. reading time\" \/>\n\t<meta name=\"twitter:data1\" content=\"2 minutes\" \/>\n<script type=\"application\/ld+json\" class=\"yoast-schema-graph\">{\"@context\":\"https:\/\/schema.org\",\"@graph\":[{\"@type\":\"WebPage\",\"@id\":\"https:\/\/sahem.de\/?page_id=5227&lang=de\",\"url\":\"https:\/\/sahem.de\/?page_id=5227&lang=de\",\"name\":\"\u0637\u0631\u0642 \u0627\u0644\u062a\u0628\u0631\u0639 gr - Sahem\",\"isPartOf\":{\"@id\":\"https:\/\/sahem.de\/#website\"},\"primaryImageOfPage\":{\"@id\":\"https:\/\/sahem.de\/?page_id=5227&lang=de#primaryimage\"},\"image\":{\"@id\":\"https:\/\/sahem.de\/?page_id=5227&lang=de#primaryimage\"},\"thumbnailUrl\":\"https:\/\/sahem.de\/wp-content\/uploads\/2022\/11\/shield-1-1.png\",\"datePublished\":\"2023-01-08T17:13:19+00:00\",\"dateModified\":\"2023-09-14T20:45:20+00:00\",\"breadcrumb\":{\"@id\":\"https:\/\/sahem.de\/?page_id=5227&lang=de#breadcrumb\"},\"inLanguage\":\"ar-EG\",\"potentialAction\":[{\"@type\":\"ReadAction\",\"target\":[\"https:\/\/sahem.de\/?page_id=5227&lang=de\"]}]},{\"@type\":\"ImageObject\",\"inLanguage\":\"ar-EG\",\"@id\":\"https:\/\/sahem.de\/?page_id=5227&lang=de#primaryimage\",\"url\":\"https:\/\/sahem.de\/wp-content\/uploads\/2022\/11\/shield-1-1.png\",\"contentUrl\":\"https:\/\/sahem.de\/wp-content\/uploads\/2022\/11\/shield-1-1.png\",\"width\":110,\"height\":128},{\"@type\":\"BreadcrumbList\",\"@id\":\"https:\/\/sahem.de\/?page_id=5227&lang=de#breadcrumb\",\"itemListElement\":[{\"@type\":\"ListItem\",\"position\":1,\"name\":\"\u0627\u0644\u0631\u0626\u064a\u0633\u064a\u0629\",\"item\":\"https:\/\/sahem.de\/\"},{\"@type\":\"ListItem\",\"position\":2,\"name\":\"\u0637\u0631\u0642 \u0627\u0644\u062a\u0628\u0631\u0639 gr\"}]},{\"@type\":\"WebSite\",\"@id\":\"https:\/\/sahem.de\/#website\",\"url\":\"https:\/\/sahem.de\/\",\"name\":\"Sahem\",\"description\":\"\u062f\u0639\u0645 \u0627\u0644\u0645\u0634\u0627\u0631\u064a\u0639 \u0628\u0635\u0641\u0629 \u0648\u0642\u0641\u064a\u0629\",\"potentialAction\":[{\"@type\":\"SearchAction\",\"target\":{\"@type\":\"EntryPoint\",\"urlTemplate\":\"https:\/\/sahem.de\/?s={search_term_string}\"},\"query-input\":{\"@type\":\"PropertyValueSpecification\",\"valueRequired\":true,\"valueName\":\"search_term_string\"}}],\"inLanguage\":\"ar-EG\"}]}<\/script>\n<!-- \/ Yoast SEO plugin. -->","yoast_head_json":{"title":"\u0637\u0631\u0642 \u0627\u0644\u062a\u0628\u0631\u0639 gr - Sahem","robots":{"index":"index","follow":"follow","max-snippet":"max-snippet:-1","max-image-preview":"max-image-preview:large","max-video-preview":"max-video-preview:-1"},"canonical":"https:\/\/sahem.de\/?page_id=5227&lang=de","og_locale":"ar_AR","og_type":"article","og_title":"\u0637\u0631\u0642 \u0627\u0644\u062a\u0628\u0631\u0639 gr - Sahem","og_description":"Spende M\u00f6glichkeiten zu spenden Liste der verf\u00fcgbaren Spendenmethoden Im Folgenden zeigen wir Ihnen die verf\u00fcgbaren M\u00f6glichkeiten, zu den Kampagnen der Sahem-Organisation beizutragen und im Rahmen der verschiedenen Aktivit\u00e4ten Hilfe f\u00fcr&hellip;","og_url":"https:\/\/sahem.de\/?page_id=5227&lang=de","og_site_name":"Sahem","article_modified_time":"2023-09-14T20:45:20+00:00","og_image":[{"url":"https:\/\/sahem.de\/wp-content\/uploads\/2022\/11\/shield-1-1.png","type":"","width":"","height":""}],"twitter_card":"summary_large_image","twitter_misc":{"Est. reading time":"2 minutes"},"schema":{"@context":"https:\/\/schema.org","@graph":[{"@type":"WebPage","@id":"https:\/\/sahem.de\/?page_id=5227&lang=de","url":"https:\/\/sahem.de\/?page_id=5227&lang=de","name":"\u0637\u0631\u0642 \u0627\u0644\u062a\u0628\u0631\u0639 gr - Sahem","isPartOf":{"@id":"https:\/\/sahem.de\/#website"},"primaryImageOfPage":{"@id":"https:\/\/sahem.de\/?page_id=5227&lang=de#primaryimage"},"image":{"@id":"https:\/\/sahem.de\/?page_id=5227&lang=de#primaryimage"},"thumbnailUrl":"https:\/\/sahem.de\/wp-content\/uploads\/2022\/11\/shield-1-1.png","datePublished":"2023-01-08T17:13:19+00:00","dateModified":"2023-09-14T20:45:20+00:00","breadcrumb":{"@id":"https:\/\/sahem.de\/?page_id=5227&lang=de#breadcrumb"},"inLanguage":"ar-EG","potentialAction":[{"@type":"ReadAction","target":["https:\/\/sahem.de\/?page_id=5227&lang=de"]}]},{"@type":"ImageObject","inLanguage":"ar-EG","@id":"https:\/\/sahem.de\/?page_id=5227&lang=de#primaryimage","url":"https:\/\/sahem.de\/wp-content\/uploads\/2022\/11\/shield-1-1.png","contentUrl":"https:\/\/sahem.de\/wp-content\/uploads\/2022\/11\/shield-1-1.png","width":110,"height":128},{"@type":"BreadcrumbList","@id":"https:\/\/sahem.de\/?page_id=5227&lang=de#breadcrumb","itemListElement":[{"@type":"ListItem","position":1,"name":"\u0627\u0644\u0631\u0626\u064a\u0633\u064a\u0629","item":"https:\/\/sahem.de\/"},{"@type":"ListItem","position":2,"name":"\u0637\u0631\u0642 \u0627\u0644\u062a\u0628\u0631\u0639 gr"}]},{"@type":"WebSite","@id":"https:\/\/sahem.de\/#website","url":"https:\/\/sahem.de\/","name":"Sahem","description":"\u062f\u0639\u0645 \u0627\u0644\u0645\u0634\u0627\u0631\u064a\u0639 \u0628\u0635\u0641\u0629 \u0648\u0642\u0641\u064a\u0629","potentialAction":[{"@type":"SearchAction","target":{"@type":"EntryPoint","urlTemplate":"https:\/\/sahem.de\/?s={search_term_string}"},"query-input":{"@type":"PropertyValueSpecification","valueRequired":true,"valueName":"search_term_string"}}],"inLanguage":"ar-EG"}]}},"campaignId":"","lang":"de","translations":{"de":5227,"en":5005,"ar":3611},"pll_sync_post":[],"_links":{"self":[{"href":"https:\/\/sahem.de\/index.php?rest_route=\/wp\/v2\/pages\/5227","targetHints":{"allow":["GET"]}}],"collection":[{"href":"https:\/\/sahem.de\/index.php?rest_route=\/wp\/v2\/pages"}],"about":[{"href":"https:\/\/sahem.de\/index.php?rest_route=\/wp\/v2\/types\/page"}],"author":[{"embeddable":true,"href":"https:\/\/sahem.de\/index.php?rest_route=\/wp\/v2\/users\/1"}],"replies":[{"embeddable":true,"href":"https:\/\/sahem.de\/index.php?rest_route=%2Fwp%2Fv2%2Fcomments&post=5227"}],"version-history":[{"count":19,"href":"https:\/\/sahem.de\/index.php?rest_route=\/wp\/v2\/pages\/5227\/revisions"}],"predecessor-version":[{"id":6144,"href":"https:\/\/sahem.de\/index.php?rest_route=\/wp\/v2\/pages\/5227\/revisions\/6144"}],"wp:attachment":[{"href":"https:\/\/sahem.de\/index.php?rest_route=%2Fwp%2Fv2%2Fmedia&parent=5227"}],"curies":[{"name":"wp","href":"https:\/\/api.w.org\/{rel}","templated":true}]}}